{"id":2,"date":"2020-12-01T10:26:59","date_gmt":"2020-12-01T10:26:59","guid":{"rendered":"https:\/\/dev-wp3.heggemann-medien.de\/?page_id=2"},"modified":"2023-03-31T13:53:07","modified_gmt":"2023-03-31T13:53:07","slug":"home","status":"publish","type":"page","link":"https:\/\/wg-bali.de\/","title":{"rendered":"Home"},"content":{"rendered":"\n[et_pb_section fb_built=&#8220;1&#8243; _builder_version=&#8220;4.16&#8243; _module_preset=&#8220;default&#8220; custom_margin=&#8220;0px|||||&#8220; custom_padding=&#8220;0px||13px|||&#8220; global_colors_info=&#8220;{}&#8220; theme_builder_area=&#8220;post_content&#8220;][et_pb_row _builder_version=&#8220;4.16&#8243; _module_preset=&#8220;default&#8220; width=&#8220;100%&#8220; max_width=&#8220;100%&#8220; custom_padding=&#8220;2px|||||&#8220; global_colors_info=&#8220;{}&#8220; theme_builder_area=&#8220;post_content&#8220;][et_pb_column type=&#8220;4_4&#8243; _builder_version=&#8220;4.16&#8243; _module_preset=&#8220;default&#8220; global_colors_info=&#8220;{}&#8220; theme_builder_area=&#8220;post_content&#8220;][et_pb_slider use_bg_overlay=&#8220;on&#8220; bg_overlay_color=&#8220;rgba(0,0,0,0.24)&#8220; arrows_custom_color=&#8220;#FFFFFF&#8220; _builder_version=&#8220;4.16&#8243; _module_preset=&#8220;default&#8220; header_level=&#8220;h1&#8243; header_font=&#8220;Oswald|700||on|||||&#8220; header_text_align=&#8220;center&#8220; header_font_size=&#8220;60px&#8220; header_letter_spacing=&#8220;1px&#8220; header_line_height=&#8220;1.3em&#8220; body_font=&#8220;Oswald|700||on|||||&#8220; body_font_size=&#8220;60px&#8220; body_line_height=&#8220;1.3em&#8220; background_color=&#8220;#ffd110&#8243; custom_button=&#8220;on&#8220; button_letter_spacing=&#8220;4px&#8220; button_font=&#8220;Oswald|700||on|||||&#8220; button_icon=&#8220;&#x24;||divi||400&#8243; module_alignment=&#8220;center&#8220; max_height=&#8220;825px&#8220; custom_padding=&#8220;154px|||||&#8220; animation_style=&#8220;fade&#8220; animation_direction=&#8220;left&#8220; animation_duration=&#8220;2000ms&#8220; animation_speed_curve=&#8220;ease&#8220; auto=&#8220;on&#8220; global_colors_info=&#8220;{}&#8220; theme_builder_area=&#8220;post_content&#8220;][et_pb_slide button_text=&#8220;Mehr \u00fcber uns&#8220; button_link=&#8220;\/index.php\/ueber-uns&#8220; use_bg_overlay=&#8220;on&#8220; use_text_overlay=&#8220;off&#8220; arrows_custom_color=&#8220;#FFFFFF&#8220; _builder_version=&#8220;4.16&#8243; _module_preset=&#8220;default&#8220; header_level=&#8220;h1&#8243; header_font_size=&#8220;60px&#8220; body_font_size=&#8220;4.2em&#8220; background_enable_color=&#8220;off&#8220; background_image=&#8220;https:\/\/wg-bali.de\/wp-content\/uploads\/2021\/07\/slider-1.jpg&#8220; background_enable_image=&#8220;on&#8220; custom_button=&#8220;on&#8220; button_text_color=&#8220;#FFFFFF&#8220; button_bg_color=&#8220;rgba(0,0,0,0.2)&#8220; button_border_width=&#8220;1px&#8220; button_border_color=&#8220;#FFFFFF&#8220; text_orientation=&#8220;center&#8220; body_font_size_tablet=&#8220;3.8em&#8220; body_font_size_phone=&#8220;2em&#8220; body_font_size_last_edited=&#8220;on|phone&#8220; global_colors_info=&#8220;{}&#8220; button_border_color__hover_enabled=&#8220;on|hover&#8220; button_border_color__hover=&#8220;#FFFFFF&#8220; sticky_transition=&#8220;on&#8220; theme_builder_area=&#8220;post_content&#8220;]<p><img loading=\"lazy\" decoding=\"async\" src=\"https:\/\/wg-bali.de\/wp-content\/uploads\/2021\/07\/Logo_WG-BaLi.png\" alt=\"\" class=\"wp-image-34 alignnone size-full\" width=\"240\" height=\"218\" \/><\/p>\n<p>Willkommen bei der<br \/>Werbegemeinschaft<br \/>Bad Lippspringe<\/p>[\/et_pb_slide][et_pb_slide button_text=&#8220;Mehr \u00fcber uns&#8220; button_link=&#8220;\/index.php\/ueber-uns&#8220; use_bg_overlay=&#8220;on&#8220; use_text_overlay=&#8220;off&#8220; arrows_custom_color=&#8220;#FFFFFF&#8220; _builder_version=&#8220;4.16&#8243; _module_preset=&#8220;default&#8220; header_level=&#8220;h1&#8243; header_font_size=&#8220;60px&#8220; body_text_color=&#8220;#FFFFFF&#8220; body_font_size=&#8220;4.2em&#8220; background_enable_color=&#8220;off&#8220; background_image=&#8220;https:\/\/wg-bali.de\/wp-content\/uploads\/2021\/07\/slider-2.jpg&#8220; background_enable_image=&#8220;on&#8220; custom_button=&#8220;on&#8220; button_text_color=&#8220;#FFFFFF&#8220; button_bg_color=&#8220;rgba(0,0,0,0.38)&#8220; button_border_width=&#8220;1px&#8220; button_border_color=&#8220;#FFFFFF&#8220; text_orientation=&#8220;center&#8220; custom_padding=&#8220;||||false|false&#8220; body_font_size_tablet=&#8220;3.8em&#8220; body_font_size_phone=&#8220;2em&#8220; body_font_size_last_edited=&#8220;on|phone&#8220; global_colors_info=&#8220;{}&#8220; button_border_color__hover_enabled=&#8220;on|desktop&#8220; button_border_width__hover_enabled=&#8220;on|hover&#8220; sticky_transition=&#8220;on&#8220; theme_builder_area=&#8220;post_content&#8220; button_border_color__hover=&#8220;#FFFFFF&#8220; button_border_width__hover=&#8220;1px&#8220;]<p><img loading=\"lazy\" decoding=\"async\" src=\"https:\/\/wg-bali.de\/wp-content\/uploads\/2021\/07\/Logo_WG-BaLi.png\" alt=\"\" class=\"wp-image-34 alignnone size-full\" width=\"240\" height=\"218\" \/><\/p>\n<p>Wir sind die<br \/>Interessenvertretung der Gewerbetreibenden<\/p>[\/et_pb_slide][et_pb_slide button_text=&#8220;Mehr \u00fcber uns&#8220; button_link=&#8220;\/index.php\/ueber-uns&#8220; use_bg_overlay=&#8220;on&#8220; bg_overlay_color=&#8220;rgba(0,0,0,0.13)&#8220; use_text_overlay=&#8220;off&#8220; arrows_custom_color=&#8220;#FFFFFF&#8220; _builder_version=&#8220;4.16&#8243; _module_preset=&#8220;default&#8220; header_level=&#8220;h1&#8243; header_font_size=&#8220;60px&#8220; body_font_size=&#8220;4.2em&#8220; background_enable_color=&#8220;off&#8220; background_image=&#8220;https:\/\/wg-bali.de\/wp-content\/uploads\/2021\/07\/slider-4.jpg&#8220; background_enable_image=&#8220;on&#8220; custom_button=&#8220;on&#8220; button_text_color=&#8220;#FFFFFF&#8220; button_bg_color=&#8220;rgba(0,0,0,0.38)&#8220; button_border_width=&#8220;1px&#8220; button_border_color=&#8220;#FFFFFF&#8220; text_orientation=&#8220;center&#8220; body_font_size_tablet=&#8220;3.8em&#8220; body_font_size_phone=&#8220;2em&#8220; body_font_size_last_edited=&#8220;on|phone&#8220; global_colors_info=&#8220;{}&#8220; button_border_color__hover_enabled=&#8220;on|hover&#8220; button_border_color__hover=&#8220;#FFFFFF&#8220; sticky_transition=&#8220;on&#8220; theme_builder_area=&#8220;post_content&#8220;]<p><img loading=\"lazy\" decoding=\"async\" src=\"https:\/\/wg-bali.de\/wp-content\/uploads\/2021\/07\/Logo_WG-BaLi.png\" alt=\"\" class=\"wp-image-34 alignnone size-full\" width=\"240\" height=\"218\" \/><\/p>\n<p>Wir bilden eine<br \/>starke Gemeinschaft<\/p>[\/et_pb_slide][et_pb_slide button_text=&#8220;Mehr \u00fcber uns&#8220; button_link=&#8220;\/index.php\/ueber-uns&#8220; use_bg_overlay=&#8220;on&#8220; bg_overlay_color=&#8220;rgba(0,0,0,0.13)&#8220; use_text_overlay=&#8220;off&#8220; arrows_custom_color=&#8220;#FFFFFF&#8220; _builder_version=&#8220;4.16&#8243; _module_preset=&#8220;default&#8220; header_level=&#8220;h1&#8243; header_font_size=&#8220;60px&#8220; body_font_size=&#8220;4.2em&#8220; background_enable_color=&#8220;off&#8220; background_image=&#8220;https:\/\/wg-bali.de\/wp-content\/uploads\/2021\/07\/slider-3.jpg&#8220; background_enable_image=&#8220;on&#8220; custom_button=&#8220;on&#8220; button_text_color=&#8220;#FFFFFF&#8220; button_bg_color=&#8220;rgba(0,0,0,0.38)&#8220; button_border_width=&#8220;1px&#8220; button_border_color=&#8220;#FFFFFF&#8220; text_orientation=&#8220;center&#8220; body_font_size_tablet=&#8220;3.8em&#8220; body_font_size_phone=&#8220;2em&#8220; body_font_size_last_edited=&#8220;on|phone&#8220; global_colors_info=&#8220;{}&#8220; sticky_transition=&#8220;on&#8220; theme_builder_area=&#8220;post_content&#8220;]<p><img loading=\"lazy\" decoding=\"async\" src=\"https:\/\/wg-bali.de\/wp-content\/uploads\/2021\/07\/Logo_WG-BaLi.png\" alt=\"\" class=\"wp-image-34 alignnone size-full\" width=\"240\" height=\"218\" \/><\/p>\n<p><strong>Damit unsere Stimme in der Politik<br \/>der Stadt geh\u00f6rt wird<\/strong><\/p>[\/et_pb_slide][et_pb_slide button_text=&#8220;Mehr \u00fcber uns&#8220; button_link=&#8220;\/index.php\/ueber-uns&#8220; use_bg_overlay=&#8220;on&#8220; bg_overlay_color=&#8220;rgba(0,0,0,0.13)&#8220; use_text_overlay=&#8220;off&#8220; arrows_custom_color=&#8220;#FFFFFF&#8220; _builder_version=&#8220;4.16&#8243; _module_preset=&#8220;default&#8220; header_level=&#8220;h1&#8243; header_font_size=&#8220;60px&#8220; body_font_size=&#8220;4.2em&#8220; background_enable_color=&#8220;off&#8220; background_image=&#8220;https:\/\/wg-bali.de\/wp-content\/uploads\/2021\/07\/slider-5.jpg&#8220; background_enable_image=&#8220;on&#8220; custom_button=&#8220;on&#8220; button_text_color=&#8220;#FFFFFF&#8220; button_bg_color=&#8220;rgba(0,0,0,0.38)&#8220; button_border_width=&#8220;1px&#8220; button_border_color=&#8220;#FFFFFF&#8220; text_orientation=&#8220;center&#8220; body_font_size_tablet=&#8220;3.8em&#8220; body_font_size_phone=&#8220;2em&#8220; body_font_size_last_edited=&#8220;on|phone&#8220; global_colors_info=&#8220;{}&#8220; sticky_transition=&#8220;on&#8220; theme_builder_area=&#8220;post_content&#8220;]<p><img loading=\"lazy\" decoding=\"async\" src=\"https:\/\/wg-bali.de\/wp-content\/uploads\/2021\/07\/Logo_WG-BaLi.png\" alt=\"\" class=\"wp-image-34 alignnone size-full\" width=\"240\" height=\"218\" \/><\/p>\n<p><strong>Die Kr\u00e4fte b\u00fcndeln &amp;<br \/>Hand in Hand arbeiten<\/strong><\/p>[\/et_pb_slide][\/et_pb_slider][\/et_pb_column][\/et_pb_row][\/et_pb_section][et_pb_section fb_built=&#8220;1&#8243; _builder_version=&#8220;4.16&#8243; custom_padding=&#8220;19px||5px|||&#8220; global_colors_info=&#8220;{}&#8220; theme_builder_area=&#8220;post_content&#8220;][et_pb_row _builder_version=&#8220;4.16&#8243; global_colors_info=&#8220;{}&#8220; theme_builder_area=&#8220;post_content&#8220;][et_pb_column type=&#8220;4_4&#8243; _builder_version=&#8220;4.16&#8243; custom_padding=&#8220;|||&#8220; global_colors_info=&#8220;{}&#8220; custom_padding__hover=&#8220;|||&#8220; theme_builder_area=&#8220;post_content&#8220;][et_pb_text admin_label=&#8220;Discover Beatuty Sub Title&#8220; _builder_version=&#8220;4.16&#8243; text_font=&#8220;Roboto||||&#8220; text_text_color=&#8220;#1a1a1a&#8220; text_font_size=&#8220;24px&#8220; text_line_height=&#8220;1.4em&#8220; header_2_text_color=&#8220;#6b6b6b&#8220; header_2_font_size=&#8220;33px&#8220; custom_margin=&#8220;||9px|||&#8220; animation_style=&#8220;slide&#8220; animation_direction=&#8220;top&#8220; animation_intensity_slide=&#8220;10%&#8220; global_colors_info=&#8220;{}&#8220; theme_builder_area=&#8220;post_content&#8220;]<h2 class=\"article-title\" itemprop=\"headline\">Liebe Gewerbetreibende in Bad Lippspringe,<\/h2>[\/et_pb_text][et_pb_text admin_label=&#8220;Discover Beatuty Text&#8220; _builder_version=&#8220;4.16&#8243; text_font=&#8220;Roboto|300|||||||&#8220; text_text_color=&#8220;#6b6b6b&#8220; text_font_size=&#8220;16px&#8220; text_line_height=&#8220;1.9em&#8220; custom_padding=&#8220;30px|||&#8220; animation_style=&#8220;slide&#8220; animation_direction=&#8220;top&#8220; animation_delay=&#8220;200ms&#8220; animation_intensity_slide=&#8220;10%&#8220; global_colors_info=&#8220;{}&#8220; theme_builder_area=&#8220;post_content&#8220;]<p>jeder k\u00e4mpft f\u00fcr sich allein, das ist in vielen Betrieben der Fall. Oftmals geht es auch nicht anders, denn die Existenz des Unternehmens h\u00e4ngt vom Wissen, von den schnellen Entscheidungen und vom pers\u00f6nlichen Einsatz des Inhabers ab.<\/p>\n<p>Doch nicht auf allen Gebieten ist der Einzelk\u00e4mpfer erfolgreich. Oft bleibt keine Zeit, sich um die Vetretung der eigenen Interessen, z. B. in der Politik, bei Beh\u00f6rden, Stadt, Rat und Verb\u00e4nden zu k\u00fcmmern.<\/p>\n<p>Auch fehlt oft das Kollegengespr\u00e4ch, die daraus entstehenden Ideen und die helfende Hand.<\/p>\n<p>Die Werbegemeinschaft bietet f\u00fcr die Interessenvertretung der Gewerbetreibenden die Basis. Damit unsere Stimme in der Politik der Stadt geh\u00f6rt wird, bilden wir eine starke Gemeinschaft. Viel ist schon geschafft worden, aber es gibt noch viel zu tun.<\/p>\n<p>Seien Sie Mitglied in der Werbegemeinschaft, damit wir eine starke Gemeinschaft sind. Bringen Sie auch Ihre W\u00fcnsche und Vorstellungen ein und profitieren Sie von der St\u00e4rke des gemeinsamen Auftritts.<\/p>\n<p><strong>Die Kr\u00e4fte b\u00fcndeln, Hand in Hand arbeiten und an einem Strick ziehen!<\/strong><\/p>[\/et_pb_text][\/et_pb_column][\/et_pb_row][\/et_pb_section][et_pb_section fb_built=&#8220;1&#8243; admin_label=&#8220;Video&#8220; _builder_version=&#8220;4.16&#8243; background_enable_color=&#8220;off&#8220; parallax=&#8220;on&#8220; custom_padding=&#8220;32px||110px|||&#8220; global_colors_info=&#8220;{}&#8220; theme_builder_area=&#8220;post_content&#8220;][et_pb_row _builder_version=&#8220;4.16&#8243; background_color=&#8220;rgba(0,0,0,0.13)&#8220; custom_margin=&#8220;||||false|false&#8220; custom_padding=&#8220;|30px|1px|30px|false|false&#8220; locked=&#8220;off&#8220; global_colors_info=&#8220;{}&#8220; theme_builder_area=&#8220;post_content&#8220;][et_pb_column type=&#8220;4_4&#8243; _builder_version=&#8220;4.16&#8243; custom_padding=&#8220;|||&#8220; global_colors_info=&#8220;{}&#8220; custom_padding__hover=&#8220;|||&#8220; theme_builder_area=&#8220;post_content&#8220;][et_pb_text admin_label=&#8220;Video Title&#8220; _builder_version=&#8220;4.16&#8243; text_font=&#8220;||||&#8220; text_text_color=&#8220;#1a1a1a&#8220; header_font=&#8220;Oswald|on||on|&#8220; header_text_align=&#8220;center&#8220; header_text_color=&#8220;#E09900&#8243; header_font_size=&#8220;43px&#8220; header_line_height=&#8220;1.3em&#8220; header_2_text_color=&#8220;#1a1a1a&#8220; module_alignment=&#8220;center&#8220; custom_margin=&#8220;||-5px|||&#8220; custom_padding=&#8220;||26px|||&#8220; animation_style=&#8220;slide&#8220; animation_direction=&#8220;top&#8220; animation_intensity_slide=&#8220;10%&#8220; link_option_url=&#8220;www.stadt-guide.com&#8220; link_option_url_new_window=&#8220;on&#8220; locked=&#8220;off&#8220; global_colors_info=&#8220;{}&#8220; theme_builder_area=&#8220;post_content&#8220;]<h1 style=\"text-align: left;\">Stadt-Guide :: Bad Lippspringe<\/h1>[\/et_pb_text][et_pb_text admin_label=&#8220;Video Sub Title&#8220; _builder_version=&#8220;4.16&#8243; text_font=&#8220;Roboto|300|||||||&#8220; text_text_color=&#8220;#1a1a1a&#8220; text_font_size=&#8220;23px&#8220; text_line_height=&#8220;0.7em&#8220; text_orientation=&#8220;center&#8220; max_width=&#8220;800px&#8220; module_alignment=&#8220;left&#8220; custom_margin=&#8220;|||&#8220; custom_padding=&#8220;6px|||||&#8220; animation_style=&#8220;slide&#8220; animation_direction=&#8220;top&#8220; animation_delay=&#8220;200ms&#8220; animation_intensity_slide=&#8220;10%&#8220; locked=&#8220;off&#8220; global_colors_info=&#8220;{}&#8220; theme_builder_area=&#8220;post_content&#8220;]<p style=\"text-align: left;\">Besuchen Sie unsere Internetseite <a href=\"https:\/\/www.stadt-guide.com\/\" target=\"_blank\" rel=\"noopener\"><strong>www.stadt-guide.com<\/strong><\/a><\/p>[\/et_pb_text][\/et_pb_column][\/et_pb_row][et_pb_row column_structure=&#8220;3_5,2_5&#8243; _builder_version=&#8220;4.16&#8243; background_color=&#8220;rgba(0,0,0,0.13)&#8220; custom_padding=&#8220;|30px|30px|30px|false|false&#8220; locked=&#8220;off&#8220; global_colors_info=&#8220;{}&#8220; theme_builder_area=&#8220;post_content&#8220;][et_pb_column type=&#8220;3_5&#8243; _builder_version=&#8220;4.16&#8243; custom_padding=&#8220;|||&#8220; global_colors_info=&#8220;{}&#8220; custom_padding__hover=&#8220;|||&#8220; theme_builder_area=&#8220;post_content&#8220;][et_pb_image src=&#8220;https:\/\/wg-bali.de\/wp-content\/uploads\/2021\/07\/screen-stadtguide-com.jpg&#8220; title_text=&#8220;screen-stadtguide-com&#8220; url=&#8220;http:\/\/www.stadt-guide.com&#8220; url_new_window=&#8220;on&#8220; _builder_version=&#8220;4.16&#8243; _module_preset=&#8220;default&#8220; global_colors_info=&#8220;{}&#8220; theme_builder_area=&#8220;post_content&#8220;][\/et_pb_image][\/et_pb_column][et_pb_column type=&#8220;2_5&#8243; _builder_version=&#8220;4.16&#8243; custom_padding=&#8220;|||&#8220; global_colors_info=&#8220;{}&#8220; custom_padding__hover=&#8220;|||&#8220; theme_builder_area=&#8220;post_content&#8220;][et_pb_video src=&#8220;https:\/\/wg-bali.de\/wp-content\/uploads\/2021\/07\/Videoclip_Stadt-Guide.mp4&#8243; image_src=&#8220;https:\/\/wg-bali.de\/wp-content\/uploads\/2021\/07\/clip_stadtguide.png&#8220; play_icon_color=&#8220;#ffffff&#8220; admin_label=&#8220;Video&#8220; _builder_version=&#8220;4.16&#8243; custom_margin=&#8220;||27px|||&#8220; animation_style=&#8220;zoom&#8220; animation_direction=&#8220;bottom&#8220; animation_intensity_zoom=&#8220;6%&#8220; global_colors_info=&#8220;{}&#8220; theme_builder_area=&#8220;post_content&#8220;][\/et_pb_video][et_pb_text _builder_version=&#8220;4.16&#8243; _module_preset=&#8220;default&#8220; global_colors_info=&#8220;{}&#8220; theme_builder_area=&#8220;post_content&#8220;]<p style=\"text-align: center;\">Tina erkl\u00e4rt Ihnen den Stadt-Guide, wenn Sie das Video anklicken.<\/p>[\/et_pb_text][\/et_pb_column][\/et_pb_row][\/et_pb_section][et_pb_section fb_built=&#8220;1&#8243; admin_label=&#8220;CTA&#8220; _builder_version=&#8220;4.16&#8243; background_image=&#8220;https:\/\/wg-bali.de\/wp-content\/uploads\/2021\/07\/IMGP5165_kl.jpg&#8220; background_position=&#8220;top_center&#8220; custom_margin=&#8220;|||&#8220; custom_padding=&#8220;0px|||&#8220; top_divider_color=&#8220;#d8d8d8&#8243; locked=&#8220;off&#8220; global_colors_info=&#8220;{}&#8220; theme_builder_area=&#8220;post_content&#8220;][et_pb_row use_custom_gutter=&#8220;on&#8220; gutter_width=&#8220;1&#8243; custom_padding_last_edited=&#8220;on|tablet&#8220; module_class=&#8220; et_pb_row_fullwidth&#8220; _builder_version=&#8220;4.16&#8243; use_background_color_gradient=&#8220;on&#8220; background_color_gradient_stops=&#8220;#ffffff 0%|rgba(255,255,255,0) 22%&#8220; background_color_gradient_start=&#8220;#ffffff&#8220; background_color_gradient_end=&#8220;rgba(255,255,255,0)&#8220; background_color_gradient_end_position=&#8220;22%&#8220; width=&#8220;100%&#8220; width_tablet=&#8220;100%&#8220; width_phone=&#8220;&#8220; width_last_edited=&#8220;on|desktop&#8220; max_width=&#8220;100%&#8220; max_width_tablet=&#8220;100%&#8220; max_width_phone=&#8220;&#8220; max_width_last_edited=&#8220;on|desktop&#8220; custom_padding=&#8220;83px|0px|787px|0px||&#8220; custom_padding_tablet=&#8220;0px|||&#8220; custom_padding_phone=&#8220;&#8220; make_fullwidth=&#8220;on&#8220; global_colors_info=&#8220;{}&#8220; theme_builder_area=&#8220;post_content&#8220;][et_pb_column type=&#8220;4_4&#8243; _builder_version=&#8220;4.16&#8243; custom_padding=&#8220;|||&#8220; global_colors_info=&#8220;{}&#8220; custom_padding__hover=&#8220;|||&#8220; theme_builder_area=&#8220;post_content&#8220;][et_pb_text admin_label=&#8220;CTA Section Title&#8220; _builder_version=&#8220;4.16&#8243; text_font=&#8220;||||&#8220; text_line_height=&#8220;1em&#8220; header_font=&#8220;Oswald|on||on|&#8220; header_text_align=&#8220;center&#8220; header_text_color=&#8220;#e0a321&#8243; header_font_size=&#8220;4.2em&#8220; header_line_height=&#8220;1.3em&#8220; module_alignment=&#8220;center&#8220; custom_margin=&#8220;||60px|&#8220; custom_padding=&#8220;|||&#8220; animation_style=&#8220;slide&#8220; animation_direction=&#8220;top&#8220; animation_intensity_slide=&#8220;10%&#8220; locked=&#8220;off&#8220; global_colors_info=&#8220;{}&#8220; theme_builder_area=&#8220;post_content&#8220;]<h1>Mitglied werden!<\/h1>[\/et_pb_text][et_pb_button button_url=&#8220;\/index.php\/87-2\/beitrittserklaerung\/&#8220; button_text=&#8220;Beitreten&#8220; button_alignment=&#8220;center&#8220; _builder_version=&#8220;4.16&#8243; custom_button=&#8220;on&#8220; button_text_color=&#8220;#ffffff&#8220; button_bg_color=&#8220;#e0a321&#8243; button_border_color=&#8220;#e0a321&#8243; button_border_radius=&#8220;0px&#8220; button_letter_spacing=&#8220;4px&#8220; button_font=&#8220;Oswald|on||on|&#8220; button_icon=&#8220;&#x24;||divi||400&#8243; button_icon_color=&#8220;#1a1a1a&#8220; button_border_color_hover=&#8220;#1a1a1a&#8220; button_border_radius_hover=&#8220;0px&#8220; button_letter_spacing_hover=&#8220;4px&#8220; button_bg_color_hover=&#8220;rgba(0,0,0,0)&#8220; locked=&#8220;off&#8220; global_colors_info=&#8220;{}&#8220; button_text_size__hover_enabled=&#8220;off&#8220; button_one_text_size__hover_enabled=&#8220;off&#8220; button_two_text_size__hover_enabled=&#8220;off&#8220; button_text_color__hover_enabled=&#8220;off&#8220; button_one_text_color__hover_enabled=&#8220;off&#8220; button_two_text_color__hover_enabled=&#8220;off&#8220; button_border_width__hover_enabled=&#8220;off&#8220; button_one_border_width__hover_enabled=&#8220;off&#8220; button_two_border_width__hover_enabled=&#8220;off&#8220; button_border_color__hover_enabled=&#8220;on&#8220; button_border_color__hover=&#8220;#e0a321&#8243; button_one_border_color__hover_enabled=&#8220;off&#8220; button_two_border_color__hover_enabled=&#8220;off&#8220; button_border_radius__hover_enabled=&#8220;on&#8220; button_border_radius__hover=&#8220;0px&#8220; button_one_border_radius__hover_enabled=&#8220;off&#8220; button_two_border_radius__hover_enabled=&#8220;off&#8220; button_letter_spacing__hover_enabled=&#8220;on&#8220; button_letter_spacing__hover=&#8220;4px&#8220; button_one_letter_spacing__hover_enabled=&#8220;off&#8220; button_two_letter_spacing__hover_enabled=&#8220;off&#8220; button_bg_color__hover_enabled=&#8220;on|hover&#8220; button_bg_color__hover=&#8220;#e0a321&#8243; button_one_bg_color__hover_enabled=&#8220;off&#8220; button_two_bg_color__hover_enabled=&#8220;off&#8220; button_bg_enable_color__hover=&#8220;on&#8220; theme_builder_area=&#8220;post_content&#8220;][\/et_pb_button][et_pb_image _builder_version=&#8220;4.16&#8243; _module_preset=&#8220;default&#8220; global_colors_info=&#8220;{}&#8220; theme_builder_area=&#8220;post_content&#8220;][\/et_pb_image][\/et_pb_column][\/et_pb_row][\/et_pb_section]\n","protected":false},"excerpt":{"rendered":"<p>Willkommen bei derWerbegemeinschaftBad Lippspringe Wir sind dieInteressenvertretung der Gewerbetreibenden Wir bilden einestarke Gemeinschaft Damit unsere Stimme in der Politikder Stadt geh\u00f6rt wird Die Kr\u00e4fte b\u00fcndeln &amp;Hand in Hand arbeitenLiebe Gewerbetreibende in Bad Lippspringe,jeder k\u00e4mpft f\u00fcr sich allein, das ist in vielen Betrieben der Fall. Oftmals geht es auch nicht anders, denn die Existenz des Unternehmens [&hellip;]<\/p>\n","protected":false},"author":1,"featured_media":0,"parent":0,"menu_order":0,"comment_status":"closed","ping_status":"closed","template":"","meta":{"_et_pb_use_builder":"on","_et_pb_old_content":"<!-- wp:paragraph -->\n<p>This is an example page. It's different from a blog post because it will stay in one place and will show up in your site navigation (in most themes). Most people start with an About page that introduces them to potential site visitors. It might say something like this:<\/p>\n<!-- \/wp:paragraph -->\n\n<!-- wp:quote -->\n<blockquote class=\"wp-block-quote\"><p>Hi there! I'm a bike messenger by day, aspiring actor by night, and this is my website. I live in Los Angeles, have a great dog named Jack, and I like pi&#241;a coladas. (And gettin' caught in the rain.)<\/p><\/blockquote>\n<!-- \/wp:quote -->\n\n<!-- wp:paragraph -->\n<p>...or something like this:<\/p>\n<!-- \/wp:paragraph -->\n\n<!-- wp:quote -->\n<blockquote class=\"wp-block-quote\"><p>The XYZ Doohickey Company was founded in 1971, and has been providing quality doohickeys to the public ever since. Located in Gotham City, XYZ employs over 2,000 people and does all kinds of awesome things for the Gotham community.<\/p><\/blockquote>\n<!-- \/wp:quote -->\n\n<!-- wp:paragraph -->\n<p>As a new WordPress user, you should go to <a href=\"https:\/\/wg-bali.de\/wp-admin\/\">your dashboard<\/a> to delete this page and create new pages for your content. Have fun!<\/p>\n<!-- \/wp:paragraph -->","_et_gb_content_width":"","footnotes":""},"class_list":["post-2","page","type-page","status-publish","hentry"],"_links":{"self":[{"href":"https:\/\/wg-bali.de\/index.php\/wp-json\/wp\/v2\/pages\/2","targetHints":{"allow":["GET"]}}],"collection":[{"href":"https:\/\/wg-bali.de\/index.php\/wp-json\/wp\/v2\/pages"}],"about":[{"href":"https:\/\/wg-bali.de\/index.php\/wp-json\/wp\/v2\/types\/page"}],"author":[{"embeddable":true,"href":"https:\/\/wg-bali.de\/index.php\/wp-json\/wp\/v2\/users\/1"}],"replies":[{"embeddable":true,"href":"https:\/\/wg-bali.de\/index.php\/wp-json\/wp\/v2\/comments?post=2"}],"version-history":[{"count":50,"href":"https:\/\/wg-bali.de\/index.php\/wp-json\/wp\/v2\/pages\/2\/revisions"}],"predecessor-version":[{"id":726,"href":"https:\/\/wg-bali.de\/index.php\/wp-json\/wp\/v2\/pages\/2\/revisions\/726"}],"wp:attachment":[{"href":"https:\/\/wg-bali.de\/index.php\/wp-json\/wp\/v2\/media?parent=2"}],"curies":[{"name":"wp","href":"https:\/\/api.w.org\/{rel}","templated":true}]}}