{"id":119,"date":"2021-07-13T10:13:19","date_gmt":"2021-07-13T10:13:19","guid":{"rendered":"https:\/\/dev-wp4.heggemann-medien.de\/?page_id=119"},"modified":"2025-07-10T09:32:21","modified_gmt":"2025-07-10T09:32:21","slug":"beitrittserklaerung","status":"publish","type":"page","link":"https:\/\/wg-bali.de\/index.php\/ueber-uns\/beitrittserklaerung\/","title":{"rendered":"Beitrittserkl\u00e4rung"},"content":{"rendered":"<p>[et_pb_section fb_built=&#8220;1&#8243; _builder_version=&#8220;4.16&#8243; background_color=&#8220;#f4f4f4&#8243; custom_padding=&#8220;0px||0px||false|false&#8220; top_divider_color=&#8220;#b5b5b5&#8243; bottom_divider_style=&#8220;curve&#8220; bottom_divider_color=&#8220;#FFFFFF&#8220; locked=&#8220;off&#8220; global_colors_info=&#8220;{}&#8220;][et_pb_row use_custom_gutter=&#8220;on&#8220; gutter_width=&#8220;1&#8243; make_equal=&#8220;on&#8220; admin_label=&#8220;Gallery&#8220; module_class=&#8220; et_pb_row_fullwidth&#8220; _builder_version=&#8220;4.16&#8243; width=&#8220;100%&#8220; width_tablet=&#8220;100%&#8220; width_phone=&#8220;&#8220; width_last_edited=&#8220;on|desktop&#8220; max_width=&#8220;100%&#8220; max_width_tablet=&#8220;100%&#8220; max_width_phone=&#8220;&#8220; max_width_last_edited=&#8220;on|desktop&#8220; custom_margin=&#8220;0px|auto||auto||&#8220; custom_padding=&#8220;0px||0px||false|false&#8220; make_fullwidth=&#8220;on&#8220; locked=&#8220;off&#8220; global_colors_info=&#8220;{}&#8220;][et_pb_column type=&#8220;4_4&#8243; _builder_version=&#8220;4.16&#8243; custom_padding=&#8220;|||&#8220; global_colors_info=&#8220;{}&#8220; custom_padding__hover=&#8220;|||&#8220;][et_pb_gallery gallery_ids=&#8220;92,95,94,276,277,320&#8243; gallery_orderby=&#8220;rand&#8220; posts_number=&#8220;6&#8243; orientation=&#8220;portrait&#8220; show_title_and_caption=&#8220;off&#8220; show_pagination=&#8220;off&#8220; zoom_icon_color=&#8220;#E09900&#8243; hover_overlay_color=&#8220;rgba(0,0,0,0.41)&#8220; module_class=&#8220;wg-gallery&#8220; _builder_version=&#8220;4.16&#8243; _module_preset=&#8220;default&#8220; global_colors_info=&#8220;{}&#8220;][\/et_pb_gallery][\/et_pb_column][\/et_pb_row][et_pb_row _builder_version=&#8220;4.16&#8243; locked=&#8220;off&#8220; global_colors_info=&#8220;{}&#8220;][et_pb_column type=&#8220;4_4&#8243; _builder_version=&#8220;4.16&#8243; custom_padding=&#8220;|||&#8220; global_colors_info=&#8220;{}&#8220; custom_padding__hover=&#8220;|||&#8220;][et_pb_text admin_label=&#8220;Top Destination Title&#8220; module_id=&#8220;Ueberschrift&#8220; _builder_version=&#8220;4.16&#8243; text_font=&#8220;||||&#8220; text_text_color=&#8220;#1a1a1a&#8220; header_font=&#8220;Oswald|on||on|&#8220; header_text_align=&#8220;left&#8220; header_font_size=&#8220;4.2em&#8220; header_line_height=&#8220;1.3em&#8220; custom_margin=&#8220;|||&#8220; custom_padding=&#8220;|||&#8220; animation_style=&#8220;slide&#8220; animation_direction=&#8220;top&#8220; animation_intensity_slide=&#8220;10%&#8220; header_font_size_tablet=&#8220;6vw&#8220; header_font_size_phone=&#8220;8vw&#8220; header_font_size_last_edited=&#8220;off|desktop&#8220; locked=&#8220;off&#8220; global_colors_info=&#8220;{}&#8220;]<\/p>\n<h1>Beitrittserkl\u00e4rung<\/h1>\n<p>[\/et_pb_text][et_pb_text admin_label=&#8220;Top Destination Text&#8220; _builder_version=&#8220;4.27.0&#8243; text_font=&#8220;Roboto|300|||||||&#8220; text_font_size=&#8220;16px&#8220; text_line_height=&#8220;1.9em&#8220; custom_padding=&#8220;||60px|&#8220; animation_style=&#8220;slide&#8220; animation_direction=&#8220;top&#8220; animation_intensity_slide=&#8220;4%&#8220; hover_enabled=&#8220;0&#8243; locked=&#8220;off&#8220; global_colors_info=&#8220;{}&#8220; sticky_enabled=&#8220;0&#8243;]<\/p>\n<section class=\"article-intro clearfix\">Die Vorteile der Werbegemeinschaft Bad Lippspringe e. V. haben Sie \u00fcberzeugt und Sie m\u00f6chten gerne Mitglied bei uns werden?<\/p>\n<p><a href=\"\/wp-content\/uploads\/2025\/07\/Aufnahmeantrag_WG-BaLi_2025.pdf\" target=\"_blank\" rel=\"noopener\"><strong>Durch das Anklicken dieser Zeile k\u00f6nnen Sie den Aufnahmeantrag herunterladen.<\/strong><\/a><\/p>\n<p>Dieses Formular ist eine interaktive PDF Datei* und mit einem aktuellen PDF Reader, beispielsweise dem<a href=\"https:\/\/get.adobe.com\/de\/reader\/\" title=\"Adobe Acrobat Reader\" target=\"_blank\" rel=\"noopener\"> Adobe Acrobat Reader<\/a>, k\u00f6nnen Sie dieses auch am Rechner ausf\u00fcllen und anschlie\u00dfend ausdrucken.<\/p>\n<p>Bitte f\u00fcllen Sie dieses Formular vollst\u00e4ndig aus und senden Sie es per E-Mail an <strong><span id=\"cloak872f1029b3ffc354966307c615a018cf\"><a href=\"mailto:info@werbegemeinschaft-bad-lippspringe.de\">info@werbegemeinschaft-bad-lippspringe.de <\/a><\/span><\/strong> oder auf postalischem Wege an:<\/p>\n<p>&nbsp;<\/p>\n<p>Werbegemeinschaft Bad Lippspringe<\/p>\n<p>Detmolder Stra\u00dfe 137<\/p>\n<p>33175 Bad Lippspringe<span style=\"font-size: xx-small;\"><\/span><\/p>\n<p>&nbsp;<\/p>\n<p><em>* zur korrekten Darstellung dieser PDF wird der Adobe Acrobat Reader ab der Version 7.0 ben\u00f6tigt. Sollten Sie dieses Programm noch nicht installiert haben, k\u00f6nnen Sie eine aktuelle Version dieses Programmes <a href=\"https:\/\/get.adobe.com\/de\/reader\/\" target=\"_blank\" rel=\"noopener\">&lt;&lt;hier&gt;&gt;<\/a> herunterladen.<\/em><\/p>\n<\/section>\n<p>[\/et_pb_text][\/et_pb_column][\/et_pb_row][\/et_pb_section][et_pb_section fb_built=&#8220;1&#8243; _builder_version=&#8220;4.16&#8243; _module_preset=&#8220;default&#8220; custom_padding=&#8220;14px||33px|||&#8220; locked=&#8220;off&#8220; global_colors_info=&#8220;{}&#8220;][\/et_pb_section][et_pb_section fb_built=&#8220;1&#8243; admin_label=&#8220;CTA&#8220; _builder_version=&#8220;4.16&#8243; background_image=&#8220;https:\/\/wg-bali.de\/wp-content\/uploads\/2021\/07\/IMGP5165_kl.jpg&#8220; background_position=&#8220;top_center&#8220; custom_margin=&#8220;|||&#8220; custom_padding=&#8220;0px|||&#8220; top_divider_color=&#8220;#d8d8d8&#8243; locked=&#8220;off&#8220; global_colors_info=&#8220;{}&#8220;][et_pb_row use_custom_gutter=&#8220;on&#8220; gutter_width=&#8220;1&#8243; custom_padding_last_edited=&#8220;on|tablet&#8220; module_class=&#8220; et_pb_row_fullwidth&#8220; _builder_version=&#8220;4.16&#8243; use_background_color_gradient=&#8220;on&#8220; background_color_gradient_stops=&#8220;#ffffff 0%|rgba(255,255,255,0) 22%&#8220; background_color_gradient_start=&#8220;#ffffff&#8220; background_color_gradient_end=&#8220;rgba(255,255,255,0)&#8220; background_color_gradient_end_position=&#8220;22%&#8220; width=&#8220;100%&#8220; width_tablet=&#8220;100%&#8220; width_phone=&#8220;&#8220; width_last_edited=&#8220;on|desktop&#8220; max_width=&#8220;100%&#8220; max_width_tablet=&#8220;100%&#8220; max_width_phone=&#8220;&#8220; max_width_last_edited=&#8220;on|desktop&#8220; custom_padding=&#8220;83px|0px|787px|0px||&#8220; custom_padding_tablet=&#8220;0px|||&#8220; custom_padding_phone=&#8220;&#8220; make_fullwidth=&#8220;on&#8220; global_colors_info=&#8220;{}&#8220;][et_pb_column type=&#8220;4_4&#8243; _builder_version=&#8220;4.16&#8243; custom_padding=&#8220;|||&#8220; global_colors_info=&#8220;{}&#8220; custom_padding__hover=&#8220;|||&#8220;][et_pb_text admin_label=&#8220;CTA Section Title&#8220; module_id=&#8220;Ueberschrift&#8220; _builder_version=&#8220;4.16&#8243; text_font=&#8220;||||&#8220; text_line_height=&#8220;1em&#8220; header_font=&#8220;Oswald|on||on|&#8220; header_text_align=&#8220;center&#8220; header_text_color=&#8220;#e0a321&#8243; header_font_size=&#8220;4.2em&#8220; header_line_height=&#8220;1.3em&#8220; module_alignment=&#8220;center&#8220; custom_margin=&#8220;||60px|&#8220; custom_padding=&#8220;|||&#8220; animation_style=&#8220;slide&#8220; animation_direction=&#8220;top&#8220; animation_intensity_slide=&#8220;10%&#8220; locked=&#8220;off&#8220; global_colors_info=&#8220;{}&#8220;]<\/p>\n<h1>Mitglied werden!<\/h1>\n<p>[\/et_pb_text][et_pb_button button_url=&#8220;\/wp-content\/uploads\/2025\/07\/Aufnahmeantrag_WG-BaLi_2025.pdf&#8220; button_text=&#8220;Aufnahmeantrag&#8220; button_alignment=&#8220;center&#8220; _builder_version=&#8220;4.27.0&#8243; custom_button=&#8220;on&#8220; button_text_color=&#8220;#ffffff&#8220; button_bg_color=&#8220;#e0a321&#8243; button_border_color=&#8220;#e0a321&#8243; button_border_radius=&#8220;0px&#8220; button_letter_spacing=&#8220;4px&#8220; button_font=&#8220;Oswald|on||on|&#8220; button_icon=&#8220;&#x24;||divi||400&#8243; button_icon_color=&#8220;#1a1a1a&#8220; hover_enabled=&#8220;0&#8243; button_border_color_hover=&#8220;#1a1a1a&#8220; button_border_radius_hover=&#8220;0px&#8220; button_letter_spacing_hover=&#8220;4px&#8220; button_bg_color_hover=&#8220;rgba(0,0,0,0)&#8220; locked=&#8220;off&#8220; global_colors_info=&#8220;{}&#8220; button_text_size__hover_enabled=&#8220;off&#8220; button_one_text_size__hover_enabled=&#8220;off&#8220; button_two_text_size__hover_enabled=&#8220;off&#8220; button_text_color__hover_enabled=&#8220;off&#8220; button_one_text_color__hover_enabled=&#8220;off&#8220; button_two_text_color__hover_enabled=&#8220;off&#8220; button_border_width__hover_enabled=&#8220;off&#8220; button_one_border_width__hover_enabled=&#8220;off&#8220; button_two_border_width__hover_enabled=&#8220;off&#8220; button_border_color__hover_enabled=&#8220;on|hover&#8220; button_border_color__hover=&#8220;#e0a321&#8243; button_one_border_color__hover_enabled=&#8220;off&#8220; button_two_border_color__hover_enabled=&#8220;off&#8220; button_border_radius__hover_enabled=&#8220;on&#8220; button_border_radius__hover=&#8220;0px&#8220; button_one_border_radius__hover_enabled=&#8220;off&#8220; button_two_border_radius__hover_enabled=&#8220;off&#8220; button_letter_spacing__hover_enabled=&#8220;on&#8220; button_letter_spacing__hover=&#8220;4px&#8220; button_one_letter_spacing__hover_enabled=&#8220;off&#8220; button_two_letter_spacing__hover_enabled=&#8220;off&#8220; button_bg_color__hover_enabled=&#8220;on&#8220; button_bg_color__hover=&#8220;#e0a321&#8243; button_one_bg_color__hover_enabled=&#8220;off&#8220; button_two_bg_color__hover_enabled=&#8220;off&#8220; button_bg_enable_color__hover=&#8220;on&#8220; sticky_enabled=&#8220;0&#8243;][\/et_pb_button][et_pb_image _builder_version=&#8220;4.16&#8243; _module_preset=&#8220;default&#8220; global_colors_info=&#8220;{}&#8220;][\/et_pb_image][\/et_pb_column][\/et_pb_row][\/et_pb_section]<\/p>\n","protected":false},"excerpt":{"rendered":"<p>Beitrittserkl\u00e4rungDie Vorteile der Werbegemeinschaft Bad Lippspringe e. V. haben Sie \u00fcberzeugt und Sie m\u00f6chten gerne Mitglied bei uns werden? Durch das Anklicken dieser Zeile k\u00f6nnen Sie den Aufnahmeantrag herunterladen. Dieses Formular ist eine interaktive PDF Datei* und mit einem aktuellen PDF Reader, beispielsweise dem Adobe Acrobat Reader, k\u00f6nnen Sie dieses auch am Rechner ausf\u00fcllen und [&hellip;]<\/p>\n","protected":false},"author":1,"featured_media":0,"parent":87,"menu_order":4,"comment_status":"closed","ping_status":"closed","template":"","meta":{"_et_pb_use_builder":"on","_et_pb_old_content":"","_et_gb_content_width":"","footnotes":""},"class_list":["post-119","page","type-page","status-publish","hentry"],"_links":{"self":[{"href":"https:\/\/wg-bali.de\/index.php\/wp-json\/wp\/v2\/pages\/119","targetHints":{"allow":["GET"]}}],"collection":[{"href":"https:\/\/wg-bali.de\/index.php\/wp-json\/wp\/v2\/pages"}],"about":[{"href":"https:\/\/wg-bali.de\/index.php\/wp-json\/wp\/v2\/types\/page"}],"author":[{"embeddable":true,"href":"https:\/\/wg-bali.de\/index.php\/wp-json\/wp\/v2\/users\/1"}],"replies":[{"embeddable":true,"href":"https:\/\/wg-bali.de\/index.php\/wp-json\/wp\/v2\/comments?post=119"}],"version-history":[{"count":26,"href":"https:\/\/wg-bali.de\/index.php\/wp-json\/wp\/v2\/pages\/119\/revisions"}],"predecessor-version":[{"id":778,"href":"https:\/\/wg-bali.de\/index.php\/wp-json\/wp\/v2\/pages\/119\/revisions\/778"}],"up":[{"embeddable":true,"href":"https:\/\/wg-bali.de\/index.php\/wp-json\/wp\/v2\/pages\/87"}],"wp:attachment":[{"href":"https:\/\/wg-bali.de\/index.php\/wp-json\/wp\/v2\/media?parent=119"}],"curies":[{"name":"wp","href":"https:\/\/api.w.org\/{rel}","templated":true}]}}