{"id":117,"date":"2021-07-13T10:12:57","date_gmt":"2021-07-13T10:12:57","guid":{"rendered":"https:\/\/dev-wp4.heggemann-medien.de\/?page_id=117"},"modified":"2023-03-31T13:54:16","modified_gmt":"2023-03-31T13:54:16","slug":"mitglied-werden","status":"publish","type":"page","link":"https:\/\/wg-bali.de\/index.php\/ueber-uns\/mitglied-werden\/","title":{"rendered":"Mitglied werden"},"content":{"rendered":"\n[et_pb_section fb_built=&#8220;1&#8243; _builder_version=&#8220;4.16&#8243; background_color=&#8220;#f4f4f4&#8243; custom_padding=&#8220;0px||0px|||&#8220; bottom_divider_style=&#8220;curve&#8220; bottom_divider_color=&#8220;#FFFFFF&#8220; global_colors_info=&#8220;{}&#8220;][et_pb_row use_custom_gutter=&#8220;on&#8220; gutter_width=&#8220;1&#8243; make_equal=&#8220;on&#8220; admin_label=&#8220;Gallery&#8220; module_class=&#8220; et_pb_row_fullwidth&#8220; _builder_version=&#8220;4.16&#8243; width=&#8220;100%&#8220; width_tablet=&#8220;100%&#8220; width_phone=&#8220;&#8220; width_last_edited=&#8220;on|desktop&#8220; max_width=&#8220;100%&#8220; max_width_tablet=&#8220;100%&#8220; max_width_phone=&#8220;&#8220; max_width_last_edited=&#8220;on|desktop&#8220; custom_margin=&#8220;0px|auto||auto||&#8220; custom_padding=&#8220;0px||0px||false|false&#8220; make_fullwidth=&#8220;on&#8220; locked=&#8220;off&#8220; global_colors_info=&#8220;{}&#8220;][et_pb_column type=&#8220;4_4&#8243; _builder_version=&#8220;4.16&#8243; custom_padding=&#8220;|||&#8220; global_colors_info=&#8220;{}&#8220; custom_padding__hover=&#8220;|||&#8220;][et_pb_gallery gallery_ids=&#8220;92,95,94,276,277,320&#8243; gallery_orderby=&#8220;rand&#8220; posts_number=&#8220;6&#8243; orientation=&#8220;portrait&#8220; show_title_and_caption=&#8220;off&#8220; show_pagination=&#8220;off&#8220; zoom_icon_color=&#8220;#E09900&#8243; hover_overlay_color=&#8220;rgba(0,0,0,0.41)&#8220; module_class=&#8220;wg-gallery&#8220; _builder_version=&#8220;4.16&#8243; _module_preset=&#8220;default&#8220; global_colors_info=&#8220;{}&#8220;][\/et_pb_gallery][\/et_pb_column][\/et_pb_row][et_pb_row column_structure=&#8220;1_2,1_2&#8243; _builder_version=&#8220;4.16&#8243; custom_padding=&#8220;||3px|||&#8220; global_colors_info=&#8220;{}&#8220;][et_pb_column type=&#8220;1_2&#8243; _builder_version=&#8220;4.16&#8243; custom_padding=&#8220;|||&#8220; global_colors_info=&#8220;{}&#8220; custom_padding__hover=&#8220;|||&#8220;][et_pb_text admin_label=&#8220;Top Destination Title&#8220; _builder_version=&#8220;4.16&#8243; text_font=&#8220;||||&#8220; text_text_color=&#8220;#1a1a1a&#8220; header_font=&#8220;Oswald|on||on|&#8220; header_text_align=&#8220;left&#8220; header_font_size=&#8220;4.2em&#8220; header_line_height=&#8220;1.3em&#8220; custom_margin=&#8220;||-6px|||&#8220; custom_padding=&#8220;|||&#8220; animation_style=&#8220;slide&#8220; animation_direction=&#8220;top&#8220; animation_intensity_slide=&#8220;10%&#8220; locked=&#8220;off&#8220; global_colors_info=&#8220;{}&#8220;]<h1>Mitglied werden<\/h1>[\/et_pb_text][\/et_pb_column][et_pb_column type=&#8220;1_2&#8243; _builder_version=&#8220;4.16&#8243; custom_padding=&#8220;|||&#8220; global_colors_info=&#8220;{}&#8220; custom_padding__hover=&#8220;|||&#8220;][\/et_pb_column][\/et_pb_row][et_pb_row column_structure=&#8220;1_2,1_2&#8243; _builder_version=&#8220;4.16&#8243; custom_margin=&#8220;-1px|auto||auto||&#8220; global_colors_info=&#8220;{}&#8220;][et_pb_column type=&#8220;1_2&#8243; _builder_version=&#8220;4.16&#8243; custom_padding=&#8220;|||&#8220; global_colors_info=&#8220;{}&#8220; custom_padding__hover=&#8220;|||&#8220;][et_pb_text admin_label=&#8220;Top Destination Sub Title&#8220; _builder_version=&#8220;4.16&#8243; text_font=&#8220;Roboto||||&#8220; text_text_color=&#8220;#595959&#8243; text_font_size=&#8220;16px&#8220; text_line_height=&#8220;1.4em&#8220; custom_margin=&#8220;||2px|||&#8220; custom_padding=&#8220;30px|||&#8220; animation_style=&#8220;slide&#8220; animation_direction=&#8220;top&#8220; animation_delay=&#8220;200ms&#8220; animation_intensity_slide=&#8220;10%&#8220; locked=&#8220;off&#8220; global_colors_info=&#8220;{}&#8220;]<h2>Ihre Vorteile<span style=\"font-size: 12pt;\"><\/span><\/h2>\n<p>&nbsp;<\/p>[\/et_pb_text][et_pb_text admin_label=&#8220;Top Destination Text&#8220; _builder_version=&#8220;4.16&#8243; text_font=&#8220;Roboto|300|||||||&#8220; text_font_size=&#8220;16px&#8220; text_line_height=&#8220;1.9em&#8220; custom_padding=&#8220;||60px|&#8220; animation_style=&#8220;slide&#8220; animation_direction=&#8220;top&#8220; animation_intensity_slide=&#8220;4%&#8220; locked=&#8220;off&#8220; global_colors_info=&#8220;{}&#8220;]<p>Als Mitglied der Werbegemeinschaft Bad Lippspringe k\u00f6nnen Sie aktiv an den Versammlungen teilnehmen und so zum Entscheidungstr\u00e4ger und Mitgestalter der Einkaufs- und Gesch\u00e4ftslandschaft in Bad Lippspringe werden.<\/p>\n<p>Durch regelm\u00e4\u00dfige Versammlungen und das Versenden informativer E-Mails und Rundschreiben halten wir unsere Mitglieder stets auf den aktuellen Stand.<\/p>\n<p>Profitieren Sie von den Veranstaltungen und gemeinsamen Werbeaktionen der Werbegemeinschaft, die Ihnen eine breite \u00d6ffentlichkeit garantieren. So gibt es bei einigen Werbeaktionen Sonderkonditionen f\u00fcr die Mitglieder der Werbegemeinschaft.<\/p>\n<p>Ihr Unternehmen wird in einem Profil auf der Internetseite der Werbegemeinschaft pr\u00e4sentiert. Dieses Profil beinhaltet Ihre Kontaktdaten, Ihre \u00d6ffnungszeiten, einen frei gestaltbaren Banner, die M\u00f6glichkeit sich mit einem pers\u00f6nlichen Profilbild zu pr\u00e4sentieren und nat\u00fcrlich auch eine Verlinkung zu einer bereits bestehenden Homepage und\/oder E-Mail Adresse.<\/p>\n<p>In einer gemeinsamen \u00dcbersichtskarte auf der Homepage der Werbegemeinschaft erscheint der Standort Ihrer Firma und die M\u00f6glichkeit f\u00fcr Ihre Kunden oder potentielle Neukunden sich eine Wegbeschreibung anzeigen zu lassen.<\/p>[\/et_pb_text][\/et_pb_column][et_pb_column type=&#8220;1_2&#8243; _builder_version=&#8220;4.16&#8243; custom_padding=&#8220;|||&#8220; global_colors_info=&#8220;{}&#8220; custom_padding__hover=&#8220;|||&#8220;][et_pb_text admin_label=&#8220;Top Destination Sub Title&#8220; _builder_version=&#8220;4.16&#8243; text_font=&#8220;Roboto||||&#8220; text_text_color=&#8220;#595959&#8243; text_font_size=&#8220;16px&#8220; text_line_height=&#8220;1.4em&#8220; custom_margin=&#8220;||2px|||&#8220; custom_padding=&#8220;30px|||&#8220; animation_style=&#8220;slide&#8220; animation_direction=&#8220;top&#8220; animation_delay=&#8220;200ms&#8220; animation_intensity_slide=&#8220;10%&#8220; locked=&#8220;off&#8220; global_colors_info=&#8220;{}&#8220;]<h2>Zehn gute Gr\u00fcnde:<\/h2>\n<h3><span style=\"font-size: 12pt;\"><\/span><\/h3>\n<p>&nbsp;<\/p>[\/et_pb_text][et_pb_text admin_label=&#8220;Top Destination Text&#8220; _builder_version=&#8220;4.16&#8243; text_font=&#8220;Roboto|300|||||||&#8220; text_font_size=&#8220;16px&#8220; text_line_height=&#8220;1.9em&#8220; custom_padding=&#8220;||60px|&#8220; animation_style=&#8220;slide&#8220; animation_direction=&#8220;top&#8220; animation_intensity_slide=&#8220;4%&#8220; locked=&#8220;off&#8220; global_colors_info=&#8220;{}&#8220;]<p><strong>01. Interessen vertreten!<\/strong> Das Sprachrohr der Gewerbetreibenden bei Politik, Rat, Beh\u00f6rden und Verb\u00e4nden<br \/><strong>02. Informationen austauschen!<\/strong> Unterschiedliche Gespr\u00e4chsthemen in regelm\u00e4\u00dfigen Treffen er\u00f6rtern.<br \/><strong>03. Standort st\u00e4rken!<\/strong> Gemeinsam Aktionen tragen zur Imageverbesserung des Heimatortes bei.<br \/><strong>04. Einfluss nehmen!<\/strong> Aktives Mitwirken an Ma\u00dfnahmen der Bad Lippspringe Marketing GmbH.<br \/><strong>05. Attraktivit\u00e4t steigern!<\/strong> Die Anziehungskraft der Stadt aus Sicht der Gewerbetreibenden weiterentwickeln.<br \/><strong>06. Beziehungen pflegen!<\/strong> Handel, Handwerk und Dienstleistungsunternehmen arbeiten Hand in Hand.<br \/><strong>07. Einsparungen nutzen!<\/strong> Ca. 10 % Finanzvorteil durch Rahmenvertrag mit hiesigem Energieversorger.<br \/><strong>08. Erfolge ausrechnen!<\/strong> Geringe Mitgliedsbeitr\u00e4ge f\u00fcr den einzelnen schaffen \u201eMehrwert\u201c in der Gesamtheit.<br \/><strong>09. Vorsprung gewinnen!<\/strong> Aus gemeinschaftlichen Aktivit\u00e4ten den Nutzen f\u00fcr sich pers\u00f6nlich ziehen.<br \/><strong>10. Menschen kennenlernen!<\/strong> Sich \u201en\u00e4herkommen\u201c bei verschiedenen geselligen Zusammenk\u00fcnften.<\/p>[\/et_pb_text][\/et_pb_column][\/et_pb_row][\/et_pb_section][et_pb_section fb_built=&#8220;1&#8243; _builder_version=&#8220;4.16&#8243; _module_preset=&#8220;default&#8220; custom_padding=&#8220;14px||33px|||&#8220; locked=&#8220;off&#8220; global_colors_info=&#8220;{}&#8220;][\/et_pb_section][et_pb_section fb_built=&#8220;1&#8243; admin_label=&#8220;CTA&#8220; _builder_version=&#8220;4.16&#8243; background_image=&#8220;https:\/\/wg-bali.de\/wp-content\/uploads\/2021\/07\/IMGP5165_kl.jpg&#8220; background_position=&#8220;top_center&#8220; custom_margin=&#8220;|||&#8220; custom_padding=&#8220;0px|||&#8220; top_divider_color=&#8220;#d8d8d8&#8243; locked=&#8220;off&#8220; global_colors_info=&#8220;{}&#8220;][et_pb_row use_custom_gutter=&#8220;on&#8220; gutter_width=&#8220;1&#8243; custom_padding_last_edited=&#8220;on|tablet&#8220; module_class=&#8220; et_pb_row_fullwidth&#8220; _builder_version=&#8220;4.16&#8243; use_background_color_gradient=&#8220;on&#8220; background_color_gradient_stops=&#8220;#ffffff 0%|rgba(255,255,255,0) 22%&#8220; background_color_gradient_start=&#8220;#ffffff&#8220; background_color_gradient_end=&#8220;rgba(255,255,255,0)&#8220; background_color_gradient_end_position=&#8220;22%&#8220; width=&#8220;100%&#8220; width_tablet=&#8220;100%&#8220; width_phone=&#8220;&#8220; width_last_edited=&#8220;on|desktop&#8220; max_width=&#8220;100%&#8220; max_width_tablet=&#8220;100%&#8220; max_width_phone=&#8220;&#8220; max_width_last_edited=&#8220;on|desktop&#8220; custom_padding=&#8220;83px|0px|787px|0px||&#8220; custom_padding_tablet=&#8220;0px|||&#8220; custom_padding_phone=&#8220;&#8220; make_fullwidth=&#8220;on&#8220; global_colors_info=&#8220;{}&#8220;][et_pb_column type=&#8220;4_4&#8243; _builder_version=&#8220;4.16&#8243; custom_padding=&#8220;|||&#8220; global_colors_info=&#8220;{}&#8220; custom_padding__hover=&#8220;|||&#8220;][et_pb_text admin_label=&#8220;CTA Section Title&#8220; _builder_version=&#8220;4.16&#8243; text_font=&#8220;||||&#8220; text_line_height=&#8220;1em&#8220; header_font=&#8220;Oswald|on||on|&#8220; header_text_align=&#8220;center&#8220; header_text_color=&#8220;#e0a321&#8243; header_font_size=&#8220;4.2em&#8220; header_line_height=&#8220;1.3em&#8220; module_alignment=&#8220;center&#8220; custom_margin=&#8220;||60px|&#8220; custom_padding=&#8220;|||&#8220; animation_style=&#8220;slide&#8220; animation_direction=&#8220;top&#8220; animation_intensity_slide=&#8220;10%&#8220; locked=&#8220;off&#8220; global_colors_info=&#8220;{}&#8220;]<h1>Mitglied werden!<\/h1>[\/et_pb_text][et_pb_button button_url=&#8220;\/index.php\/87-2\/beitrittserklaerung\/&#8220; button_text=&#8220;Beitreten&#8220; button_alignment=&#8220;center&#8220; _builder_version=&#8220;4.16&#8243; custom_button=&#8220;on&#8220; button_text_color=&#8220;#ffffff&#8220; button_bg_color=&#8220;#e0a321&#8243; button_border_color=&#8220;#e0a321&#8243; button_border_radius=&#8220;0px&#8220; button_letter_spacing=&#8220;4px&#8220; button_font=&#8220;Oswald|on||on|&#8220; button_icon=&#8220;&#x24;||divi||400&#8243; button_icon_color=&#8220;#1a1a1a&#8220; button_border_color_hover=&#8220;#1a1a1a&#8220; button_border_radius_hover=&#8220;0px&#8220; button_letter_spacing_hover=&#8220;4px&#8220; button_bg_color_hover=&#8220;rgba(0,0,0,0)&#8220; locked=&#8220;off&#8220; global_colors_info=&#8220;{}&#8220; button_text_size__hover_enabled=&#8220;off&#8220; button_one_text_size__hover_enabled=&#8220;off&#8220; button_two_text_size__hover_enabled=&#8220;off&#8220; button_text_color__hover_enabled=&#8220;off&#8220; button_one_text_color__hover_enabled=&#8220;off&#8220; button_two_text_color__hover_enabled=&#8220;off&#8220; button_border_width__hover_enabled=&#8220;off&#8220; button_one_border_width__hover_enabled=&#8220;off&#8220; button_two_border_width__hover_enabled=&#8220;off&#8220; button_border_color__hover_enabled=&#8220;on&#8220; button_border_color__hover=&#8220;#e0a321&#8243; button_one_border_color__hover_enabled=&#8220;off&#8220; button_two_border_color__hover_enabled=&#8220;off&#8220; button_border_radius__hover_enabled=&#8220;on&#8220; button_border_radius__hover=&#8220;0px&#8220; button_one_border_radius__hover_enabled=&#8220;off&#8220; button_two_border_radius__hover_enabled=&#8220;off&#8220; button_letter_spacing__hover_enabled=&#8220;on&#8220; button_letter_spacing__hover=&#8220;4px&#8220; button_one_letter_spacing__hover_enabled=&#8220;off&#8220; button_two_letter_spacing__hover_enabled=&#8220;off&#8220; button_bg_color__hover_enabled=&#8220;on|hover&#8220; button_bg_color__hover=&#8220;#e0a321&#8243; button_one_bg_color__hover_enabled=&#8220;off&#8220; button_two_bg_color__hover_enabled=&#8220;off&#8220; button_bg_enable_color__hover=&#8220;on&#8220;][\/et_pb_button][et_pb_image _builder_version=&#8220;4.16&#8243; _module_preset=&#8220;default&#8220; global_colors_info=&#8220;{}&#8220;][\/et_pb_image][\/et_pb_column][\/et_pb_row][\/et_pb_section]\n","protected":false},"excerpt":{"rendered":"<p>Mitglied werdenIhre Vorteile &nbsp;Als Mitglied der Werbegemeinschaft Bad Lippspringe k\u00f6nnen Sie aktiv an den Versammlungen teilnehmen und so zum Entscheidungstr\u00e4ger und Mitgestalter der Einkaufs- und Gesch\u00e4ftslandschaft in Bad Lippspringe werden. Durch regelm\u00e4\u00dfige Versammlungen und das Versenden informativer E-Mails und Rundschreiben halten wir unsere Mitglieder stets auf den aktuellen Stand. Profitieren Sie von den Veranstaltungen und [&hellip;]<\/p>\n","protected":false},"author":1,"featured_media":0,"parent":87,"menu_order":2,"comment_status":"closed","ping_status":"closed","template":"","meta":{"_et_pb_use_builder":"on","_et_pb_old_content":"","_et_gb_content_width":"","footnotes":""},"class_list":["post-117","page","type-page","status-publish","hentry"],"_links":{"self":[{"href":"https:\/\/wg-bali.de\/index.php\/wp-json\/wp\/v2\/pages\/117","targetHints":{"allow":["GET"]}}],"collection":[{"href":"https:\/\/wg-bali.de\/index.php\/wp-json\/wp\/v2\/pages"}],"about":[{"href":"https:\/\/wg-bali.de\/index.php\/wp-json\/wp\/v2\/types\/page"}],"author":[{"embeddable":true,"href":"https:\/\/wg-bali.de\/index.php\/wp-json\/wp\/v2\/users\/1"}],"replies":[{"embeddable":true,"href":"https:\/\/wg-bali.de\/index.php\/wp-json\/wp\/v2\/comments?post=117"}],"version-history":[{"count":19,"href":"https:\/\/wg-bali.de\/index.php\/wp-json\/wp\/v2\/pages\/117\/revisions"}],"predecessor-version":[{"id":730,"href":"https:\/\/wg-bali.de\/index.php\/wp-json\/wp\/v2\/pages\/117\/revisions\/730"}],"up":[{"embeddable":true,"href":"https:\/\/wg-bali.de\/index.php\/wp-json\/wp\/v2\/pages\/87"}],"wp:attachment":[{"href":"https:\/\/wg-bali.de\/index.php\/wp-json\/wp\/v2\/media?parent=117"}],"curies":[{"name":"wp","href":"https:\/\/api.w.org\/{rel}","templated":true}]}}