{"id":115,"date":"2021-07-13T10:11:58","date_gmt":"2021-07-13T10:11:58","guid":{"rendered":"https:\/\/dev-wp4.heggemann-medien.de\/?page_id=115"},"modified":"2023-03-31T13:54:06","modified_gmt":"2023-03-31T13:54:06","slug":"satzung","status":"publish","type":"page","link":"https:\/\/wg-bali.de\/index.php\/ueber-uns\/satzung\/","title":{"rendered":"Satzung"},"content":{"rendered":"\n[et_pb_section fb_built=&#8220;1&#8243; _builder_version=&#8220;4.16&#8243; background_color=&#8220;#f4f4f4&#8243; custom_padding=&#8220;2px||0px|||&#8220; top_divider_color=&#8220;#b5b5b5&#8243; bottom_divider_style=&#8220;curve&#8220; bottom_divider_color=&#8220;#FFFFFF&#8220; global_colors_info=&#8220;{}&#8220;][et_pb_row use_custom_gutter=&#8220;on&#8220; gutter_width=&#8220;1&#8243; make_equal=&#8220;on&#8220; admin_label=&#8220;Gallery&#8220; module_class=&#8220; et_pb_row_fullwidth&#8220; _builder_version=&#8220;4.16&#8243; width=&#8220;100%&#8220; width_tablet=&#8220;100%&#8220; width_phone=&#8220;&#8220; width_last_edited=&#8220;on|desktop&#8220; max_width=&#8220;100%&#8220; max_width_tablet=&#8220;100%&#8220; max_width_phone=&#8220;&#8220; max_width_last_edited=&#8220;on|desktop&#8220; custom_margin=&#8220;0px|auto||auto||&#8220; custom_padding=&#8220;0px||0px||false|false&#8220; make_fullwidth=&#8220;on&#8220; locked=&#8220;off&#8220; global_colors_info=&#8220;{}&#8220;][et_pb_column type=&#8220;4_4&#8243; _builder_version=&#8220;4.16&#8243; custom_padding=&#8220;|||&#8220; global_colors_info=&#8220;{}&#8220; custom_padding__hover=&#8220;|||&#8220;][et_pb_gallery gallery_ids=&#8220;92,95,94,276,277,320&#8243; gallery_orderby=&#8220;rand&#8220; posts_number=&#8220;6&#8243; orientation=&#8220;portrait&#8220; show_title_and_caption=&#8220;off&#8220; show_pagination=&#8220;off&#8220; zoom_icon_color=&#8220;#E09900&#8243; hover_overlay_color=&#8220;rgba(0,0,0,0.41)&#8220; module_class=&#8220;wg-gallery&#8220; _builder_version=&#8220;4.16&#8243; _module_preset=&#8220;default&#8220; global_colors_info=&#8220;{}&#8220;][\/et_pb_gallery][\/et_pb_column][\/et_pb_row][et_pb_row _builder_version=&#8220;4.16&#8243; global_colors_info=&#8220;{}&#8220;][et_pb_column type=&#8220;4_4&#8243; _builder_version=&#8220;4.16&#8243; custom_padding=&#8220;|||&#8220; global_colors_info=&#8220;{}&#8220; custom_padding__hover=&#8220;|||&#8220;][et_pb_text admin_label=&#8220;Top Destination Title&#8220; _builder_version=&#8220;4.16&#8243; text_font=&#8220;||||&#8220; text_text_color=&#8220;#1a1a1a&#8220; header_font=&#8220;Oswald|on||on|&#8220; header_text_align=&#8220;left&#8220; header_font_size=&#8220;4.2em&#8220; header_line_height=&#8220;1.3em&#8220; custom_margin=&#8220;|||&#8220; custom_padding=&#8220;|||&#8220; animation_style=&#8220;slide&#8220; animation_direction=&#8220;top&#8220; animation_intensity_slide=&#8220;10%&#8220; locked=&#8220;off&#8220; global_colors_info=&#8220;{}&#8220;]<h1>Satzung<\/h1>[\/et_pb_text][et_pb_text admin_label=&#8220;Top Destination Text&#8220; _builder_version=&#8220;4.16&#8243; text_font=&#8220;Roboto|300|||||||&#8220; text_font_size=&#8220;16px&#8220; text_line_height=&#8220;1.9em&#8220; custom_padding=&#8220;||60px|&#8220; animation_style=&#8220;slide&#8220; animation_direction=&#8220;top&#8220; animation_intensity_slide=&#8220;4%&#8220; locked=&#8220;off&#8220; global_colors_info=&#8220;{}&#8220;]<section class=\"article-intro clearfix\">\n<p><em><strong>\u00a7 1 Name und Sitz des Vereins<\/strong><\/em><\/p>\n<p>Der Verein f\u00fchrt den Namen:<\/p>\n<p>WeGe Werbegemeinschaft Bad Lippspringe e. V.<\/p>\n<p>Er hat seinen Sitz in Bad Lippspringe.<\/p>\n<p>Der Verein ist am 10.01.1986 ins Vereinsregister eingetragen worden und dient ausschlie\u00dflich den in \u00a7 2 dieser Satzung festgelegten Zwecken.<\/p>\n<p><em><strong>\u00a7 2 Zweck des Vereins<\/strong><\/em><\/p>\n<p>Der Verein ist eine unabh\u00e4ngige Interessengemeinschaft von Gewerbebetrieben, Einzelh\u00e4ndlern\/Einzelh\u00e4ndlerinnen, freiberuflich T\u00e4tigen, Dienstleistungs- und Handwerksbetrieben auf der Grundlage eines solidarischen Zusammenschlusses frei von parteipolitischen Einfl\u00fcssen.<\/p>\n<p>Zweck des Vereins ist, im Rahmen seiner M\u00f6glichkeiten den Attraktivit\u00e4tswert der Stadt Bad Lippspringe als gewerblichen Standort und als Einkaufsstadt durch geeignete Ma\u00dfnahmen im Rahmen der \u00fcbrigen Satzungsbestimmungen f\u00fcr die \u00d6ffentlichkeit \u00fcberzeugend und nachhaltig darzustellen.<\/p>\n<p>Des weiteren dient der Verein dem Zweck, im Rahmen seiner M\u00f6glichkeiten eine einheitliche Willensbildung seiner Mitglieder in allen \u00f6rtlich interessierenden Fragen herbeizuf\u00fchren und diese gegen\u00fcber Institutionen zu vertreten.<\/p>\n<p><em><strong>\u00a7 3 Mitgliedschaft<\/strong><\/em><\/p>\n<p style=\"text-align: left;\">Zur Mitgliedschaft berechtigt sind Gewerbebetriebe, Einzelh\u00e4ndler\/Einzelh\u00e4ndlerinnen, Filialbetriebe in Bad Lippspringe, auch wenn deren Hauptsitz nicht in Bad Lippspringe ist, Vermieter\/Vermieterinnen und Verp\u00e4chter\/Verp\u00e4chterinnen, freiberuflich T\u00e4tige, Dienstleistungs- und Handwerksbetriebe ohne Unterschied ihrer Gr\u00f6\u00dfe und Betriebsform, soweit sie eine T\u00e4tigkeit zu Erwerbszwecken in Bad Lippspringe aus\u00fcben oder dort ihren Sitz haben, bzw. einen Zweitbetrieb unterhalten. Die Mitgliedschaft wird durch schriftliche Beitrittserkl\u00e4rung beantragt, \u00fcber deren Annahme der gesch\u00e4ftsf\u00fchrende Vorstand entscheidet.<\/p>\n<p style=\"text-align: left;\" align=\"right\">Der gesch\u00e4ftsf\u00fchrende Vorstand kann eine Mitgliedschaft nur dann verwehren, wenn in der Art der T\u00e4tigkeit des Antragstellers eine dem Ruf oder der Zielsetzung des Vereins sch\u00e4digende Wirkung gegeben ist.<\/p>\n<p style=\"text-align: left;\" align=\"center\">Die Mitgliedschaft gilt unbefristet.<\/p>\n<p>Ein Mitglied kann mit einer Frist von 3 Monaten seinen Austritt zum 31.12. eines jeden Jahres erkl\u00e4ren.<\/p>\n<p>Die Mitgliedschaft erlischt bei Tod oder Ausschluss.<\/p>\n<p>Der gesch\u00e4ftsf\u00fchrende Vorstand muss einen Ausschluss aussprechen, wenn das Mitglied in grober Weise gegen die Interessen des Vereins oder seine Satzungsbestimmungen verst\u00f6\u00dft, insbesondere wenn es seiner Beitragspflicht oder seinen sonstigen Zahlungsverpflichtungen gegen\u00fcber dem Verein nicht nachkommt. Gegen den Ausschluss kann innerhalb einer Frist von einer Woche beim gesch\u00e4ftsf\u00fchrenden Vorstand Widerspruch eingelegt werden. \u00dcber den Widerspruch befindet dann die n\u00e4chste ordentliche Mitgliederversammlung in einfacher Mehrheit.<\/p>\n<p>Der Ausschluss entbindet nicht von der Zahlung des f\u00e4lligen Jahresbeitrages oder den sonstigen gegen\u00fcber dem Verein eingegangenen finanziellen Verpflichtungen.<\/p>\n<p><em><strong>\u00a7 4 Mitgliedsbeitrag<\/strong><\/em><\/p>\n<p>Der Mitgliedsbeitrag wird von der Mitgliederversammlung festgelegt.<\/p>\n<p>Der Jahresbeitrag wird zu Beginn und zum Ende eines Kalenderjahres f\u00fcr das jeweilige Kalenderjahr in zwei Zahlungen erhoben<em>.<\/em><\/p>\n<p><em><strong>\u00a7 5 F\u00f6rdernde Mitgliedschaft<\/strong><\/em><\/p>\n<p>Eine F\u00f6rdermitgliedschaft ist m\u00f6glich.<\/p>\n<p>Das f\u00f6rdernde Mitglied muss seinen Wohnsitz in Bad Lippspringe haben und nicht zum Kreis der in \u00a7 3 aufgef\u00fchrten Vollmitglieder z\u00e4hlen. Es erh\u00e4lt in allen Versammlungen und ihm zug\u00e4nglichen Gremien der Werbegemeinschaft Rederecht.<\/p>\n<p>\u00dcber die Aufnahme entscheidet der gesch\u00e4ftsf\u00fchrende Vorstand.<\/p>\n<p>Der Mitgliedsbeitrag wird von der Mitgliederversammlung entsprechend \u00a7 4 festgelegt.<\/p>\n<p><em><strong>\u00a7 6 Organe des Vereins<\/strong><\/em><\/p>\n<p>Die Organe des Vereins sind:<\/p>\n<p>a) die Mitgliederversammlung<\/p>\n<p>b) der Vorstand<\/p>\n<p>a) Mitgliederversammlung<\/p>\n<p>Die ordentliche Mitgliederversammlung tritt j\u00e4hrlich einmal zusammen. Der gesch\u00e4ftsf\u00fchrende Vorstand beruft die Mitgliederversammlung unter Bekanntgabe der Tagesordnung sowie Zeit und Ort der Versammlung zwei Wochen vor dem Zusammentreffen durch schriftliche Ladung ein. Antr\u00e4ge an die ordentliche Mitgliederversammlung sind sp\u00e4testens drei Tage vor der Versammlung beim gesch\u00e4ftsf\u00fchrenden Vorstand schriftlich einzureichen.<\/p>\n<p>Die Mitgliederversammlung w\u00e4hlt und entlastet den Vorstand und befindet \u00fcber Satzungs\u00e4nderungen. Sie beschlie\u00dft mit einfacher Mehrheit der anwesenden Stimmen.<\/p>\n<p>Desgleichen w\u00e4hlt die Mitgliederversammlung zwei Kassenpr\u00fcfer\/Kassenpr\u00fcferinnen, die das Rechnungswesen und die Verm\u00f6gensverwaltung des Vereins zu \u00fcberpr\u00fcfen haben.<\/p>\n<p>Der gesch\u00e4ftsf\u00fchrende Vorstand hat der Mitgliederversammlung einmal j\u00e4hrlich einen T\u00e4tigkeitsbericht zu erstatten.<\/p>\n<p>Der gesch\u00e4ftsf\u00fchrende Vorstand ist verpflichtet, eine au\u00dferordentliche Mitglieder- versammlung einzuberufen, wenn mindestens 20 % der Mitglieder diese beantragen.<\/p>\n<p>Der Gesamtvorstand kann mit einfacher Stimmenmehrheit jederzeit eine au\u00dferordentliche Mitgliederversammlung einberufen.<\/p>\n<p>b) Vorstand<\/p>\n<p>Der Gesamtvorstand besteht aus bis zu 13 Mitgliedern.<\/p>\n<p>Der Vorstand wird von der Mitgliederversammlung jeweils f\u00fcr drei Jahre gew\u00e4hlt. Mehrmalige Wiederwahl ist m\u00f6glich.<\/p>\n<p>Der gesch\u00e4ftsf\u00fchrende Vorstand bildet den Vorstand im Sinne des \u00a7 26 BGB. Er hat bis zu 6 Mitglieder, die besondere Bezeichnung wie z.B. Vorsitzender\/Vorsitzende, Stellvertretender Vorsitzender\/Stellvertretende Vorsitzende, Gesch\u00e4ftsf\u00fchrer\/Gesch\u00e4ftsf\u00fchrerin, Schatzmeister\/Schatzmeisterin haben k\u00f6nnen. Jeweils zwei Mitglieder des gesch\u00e4ftsf\u00fchrenden Vorstandes vertreten den Verein gerichtlich und au\u00dfergerichtlich.<\/p>\n<p>Der Gesamtvorstand kann sich eine Gesch\u00e4ftsordnung geben. Er fasst Beschl\u00fcsse mit einfacher Mehrheit. Er ist beschlussf\u00e4hig, wenn mindestens 7 Mitglieder anwesend sind. Der Vorstand arbeitet ehrenamtlich. Lediglich der Gesch\u00e4ftsf\u00fchrer\/die Gesch\u00e4ftsf\u00fchrerin kann f\u00fcr seine\/ihre T\u00e4tigkeit eine finanzielle Entsch\u00e4digung in Form einer monatlichen Zahlung erhalten. Die H\u00f6he dieser Zahlung wird durch die \u00fcbrigen Mitglieder des gesch\u00e4ftsf\u00fchrenden Vorstandes einstimmig beschlossen.<\/p>\n<p>Die Zusammenlegung von Vorstands\u00e4mtern ist zul\u00e4ssig.<\/p>\n<p><em><strong>\u00a7 7 Sonstige Bestimmungen<\/strong><\/em><\/p>\n<p>Das Vereinsverm\u00f6gen soll ausschlie\u00dflich f\u00fcr die in \u00a7 2 dieser Satzung genannten Zwecke verwendet werden. \u00dcber den Verlauf von Mitgliederversammlungen und Vorstandssitzungen, insbesondere \u00fcber die gefassten Beschl\u00fcsse, ist eine vom Gesch\u00e4ftsf\u00fchrer\/von der Gesch\u00e4ftsf\u00fchrerin und einem weiteren Mitglied des gesch\u00e4ftsf\u00fchrenden Vorstandes zu unterzeichnende Niederschrift anzufertigen.<\/p>\n<p><em><strong>\u00a7 8 Aufl\u00f6sung des Vereins<\/strong><\/em><\/p>\n<p>\u00dcber die Aufl\u00f6sung des Vereins, die Art der Liquidation und die Verwertung und Verwendung des verbleibenden Verm\u00f6gens, beschlie\u00dft die Mitgliederversammlung mit 2\/3 Mehrheit der anwesenden Mitglieder.<\/p>\n<\/section>[\/et_pb_text][\/et_pb_column][\/et_pb_row][\/et_pb_section][et_pb_section fb_built=&#8220;1&#8243; _builder_version=&#8220;4.16&#8243; _module_preset=&#8220;default&#8220; custom_padding=&#8220;14px||33px|||&#8220; locked=&#8220;off&#8220; global_colors_info=&#8220;{}&#8220;][\/et_pb_section][et_pb_section fb_built=&#8220;1&#8243; admin_label=&#8220;CTA&#8220; _builder_version=&#8220;4.16&#8243; background_image=&#8220;https:\/\/wg-bali.de\/wp-content\/uploads\/2021\/07\/IMGP5165_kl.jpg&#8220; background_position=&#8220;top_center&#8220; custom_margin=&#8220;|||&#8220; custom_padding=&#8220;0px|||&#8220; top_divider_color=&#8220;#d8d8d8&#8243; global_colors_info=&#8220;{}&#8220;][et_pb_row use_custom_gutter=&#8220;on&#8220; gutter_width=&#8220;1&#8243; custom_padding_last_edited=&#8220;on|tablet&#8220; module_class=&#8220; et_pb_row_fullwidth&#8220; _builder_version=&#8220;4.16&#8243; use_background_color_gradient=&#8220;on&#8220; background_color_gradient_stops=&#8220;#ffffff 0%|rgba(255,255,255,0) 22%&#8220; background_color_gradient_start=&#8220;#ffffff&#8220; background_color_gradient_end=&#8220;rgba(255,255,255,0)&#8220; background_color_gradient_end_position=&#8220;22%&#8220; width=&#8220;100%&#8220; width_tablet=&#8220;100%&#8220; width_phone=&#8220;&#8220; width_last_edited=&#8220;on|desktop&#8220; max_width=&#8220;100%&#8220; max_width_tablet=&#8220;100%&#8220; max_width_phone=&#8220;&#8220; max_width_last_edited=&#8220;on|desktop&#8220; custom_padding=&#8220;83px|0px|787px|0px||&#8220; custom_padding_tablet=&#8220;0px|||&#8220; custom_padding_phone=&#8220;&#8220; make_fullwidth=&#8220;on&#8220; global_colors_info=&#8220;{}&#8220;][et_pb_column type=&#8220;4_4&#8243; _builder_version=&#8220;4.16&#8243; custom_padding=&#8220;|||&#8220; global_colors_info=&#8220;{}&#8220; custom_padding__hover=&#8220;|||&#8220;][et_pb_text admin_label=&#8220;CTA Section Title&#8220; _builder_version=&#8220;4.16&#8243; text_font=&#8220;||||&#8220; text_line_height=&#8220;1em&#8220; header_font=&#8220;Oswald|on||on|&#8220; header_text_align=&#8220;center&#8220; header_text_color=&#8220;#e0a321&#8243; header_font_size=&#8220;4.2em&#8220; header_line_height=&#8220;1.3em&#8220; module_alignment=&#8220;center&#8220; custom_margin=&#8220;||60px|&#8220; custom_padding=&#8220;|||&#8220; animation_style=&#8220;slide&#8220; animation_direction=&#8220;top&#8220; animation_intensity_slide=&#8220;10%&#8220; locked=&#8220;off&#8220; global_colors_info=&#8220;{}&#8220;]<h1>Mitglied werden!<\/h1>[\/et_pb_text][et_pb_button button_url=&#8220;\/index.php\/87-2\/beitrittserklaerung\/&#8220; button_text=&#8220;Beitreten&#8220; button_alignment=&#8220;center&#8220; _builder_version=&#8220;4.16&#8243; custom_button=&#8220;on&#8220; button_text_color=&#8220;#ffffff&#8220; button_bg_color=&#8220;#e0a321&#8243; button_border_color=&#8220;#e0a321&#8243; button_border_radius=&#8220;0px&#8220; button_letter_spacing=&#8220;4px&#8220; button_font=&#8220;Oswald|on||on|&#8220; button_icon=&#8220;&#x24;||divi||400&#8243; button_icon_color=&#8220;#1a1a1a&#8220; button_border_color_hover=&#8220;#1a1a1a&#8220; button_border_radius_hover=&#8220;0px&#8220; button_letter_spacing_hover=&#8220;4px&#8220; button_bg_color_hover=&#8220;rgba(0,0,0,0)&#8220; locked=&#8220;off&#8220; global_colors_info=&#8220;{}&#8220; button_text_size__hover_enabled=&#8220;off&#8220; button_one_text_size__hover_enabled=&#8220;off&#8220; button_two_text_size__hover_enabled=&#8220;off&#8220; button_text_color__hover_enabled=&#8220;off&#8220; button_one_text_color__hover_enabled=&#8220;off&#8220; button_two_text_color__hover_enabled=&#8220;off&#8220; button_border_width__hover_enabled=&#8220;off&#8220; button_one_border_width__hover_enabled=&#8220;off&#8220; button_two_border_width__hover_enabled=&#8220;off&#8220; button_border_color__hover_enabled=&#8220;on|hover&#8220; button_border_color__hover=&#8220;#e0a321&#8243; button_one_border_color__hover_enabled=&#8220;off&#8220; button_two_border_color__hover_enabled=&#8220;off&#8220; button_border_radius__hover_enabled=&#8220;on&#8220; button_border_radius__hover=&#8220;0px&#8220; button_one_border_radius__hover_enabled=&#8220;off&#8220; button_two_border_radius__hover_enabled=&#8220;off&#8220; button_letter_spacing__hover_enabled=&#8220;on&#8220; button_letter_spacing__hover=&#8220;4px&#8220; button_one_letter_spacing__hover_enabled=&#8220;off&#8220; button_two_letter_spacing__hover_enabled=&#8220;off&#8220; button_bg_color__hover_enabled=&#8220;on&#8220; button_bg_color__hover=&#8220;#e0a321&#8243; button_one_bg_color__hover_enabled=&#8220;off&#8220; button_two_bg_color__hover_enabled=&#8220;off&#8220; button_bg_enable_color__hover=&#8220;on&#8220;][\/et_pb_button][et_pb_image _builder_version=&#8220;4.16&#8243; _module_preset=&#8220;default&#8220; global_colors_info=&#8220;{}&#8220;][\/et_pb_image][\/et_pb_column][\/et_pb_row][\/et_pb_section]\n","protected":false},"excerpt":{"rendered":"<p>Satzung \u00a7 1 Name und Sitz des Vereins Der Verein f\u00fchrt den Namen: WeGe Werbegemeinschaft Bad Lippspringe e. V. Er hat seinen Sitz in Bad Lippspringe. Der Verein ist am 10.01.1986 ins Vereinsregister eingetragen worden und dient ausschlie\u00dflich den in \u00a7 2 dieser Satzung festgelegten Zwecken. \u00a7 2 Zweck des Vereins Der Verein ist eine [&hellip;]<\/p>\n","protected":false},"author":1,"featured_media":0,"parent":87,"menu_order":1,"comment_status":"closed","ping_status":"closed","template":"","meta":{"_et_pb_use_builder":"on","_et_pb_old_content":"","_et_gb_content_width":"","footnotes":""},"class_list":["post-115","page","type-page","status-publish","hentry"],"_links":{"self":[{"href":"https:\/\/wg-bali.de\/index.php\/wp-json\/wp\/v2\/pages\/115","targetHints":{"allow":["GET"]}}],"collection":[{"href":"https:\/\/wg-bali.de\/index.php\/wp-json\/wp\/v2\/pages"}],"about":[{"href":"https:\/\/wg-bali.de\/index.php\/wp-json\/wp\/v2\/types\/page"}],"author":[{"embeddable":true,"href":"https:\/\/wg-bali.de\/index.php\/wp-json\/wp\/v2\/users\/1"}],"replies":[{"embeddable":true,"href":"https:\/\/wg-bali.de\/index.php\/wp-json\/wp\/v2\/comments?post=115"}],"version-history":[{"count":24,"href":"https:\/\/wg-bali.de\/index.php\/wp-json\/wp\/v2\/pages\/115\/revisions"}],"predecessor-version":[{"id":729,"href":"https:\/\/wg-bali.de\/index.php\/wp-json\/wp\/v2\/pages\/115\/revisions\/729"}],"up":[{"embeddable":true,"href":"https:\/\/wg-bali.de\/index.php\/wp-json\/wp\/v2\/pages\/87"}],"wp:attachment":[{"href":"https:\/\/wg-bali.de\/index.php\/wp-json\/wp\/v2\/media?parent=115"}],"curies":[{"name":"wp","href":"https:\/\/api.w.org\/{rel}","templated":true}]}}