{"id":113,"date":"2021-07-13T10:11:40","date_gmt":"2021-07-13T10:11:40","guid":{"rendered":"https:\/\/dev-wp4.heggemann-medien.de\/?page_id=113"},"modified":"2023-03-31T13:54:25","modified_gmt":"2023-03-31T13:54:25","slug":"mitgliedsbeitrag","status":"publish","type":"page","link":"https:\/\/wg-bali.de\/index.php\/ueber-uns\/mitgliedsbeitrag\/","title":{"rendered":"Mitgliedsbeitrag"},"content":{"rendered":"\n[et_pb_section fb_built=&#8220;1&#8243; _builder_version=&#8220;4.16&#8243; background_color=&#8220;#f4f4f4&#8243; custom_padding=&#8220;2px||0px|||&#8220; top_divider_color=&#8220;#b5b5b5&#8243; bottom_divider_color=&#8220;#FFFFFF&#8220; locked=&#8220;off&#8220; global_colors_info=&#8220;{}&#8220;][et_pb_row use_custom_gutter=&#8220;on&#8220; gutter_width=&#8220;1&#8243; make_equal=&#8220;on&#8220; admin_label=&#8220;Gallery&#8220; module_class=&#8220; et_pb_row_fullwidth&#8220; _builder_version=&#8220;4.16&#8243; width=&#8220;100%&#8220; width_tablet=&#8220;100%&#8220; width_phone=&#8220;&#8220; width_last_edited=&#8220;on|desktop&#8220; max_width=&#8220;100%&#8220; max_width_tablet=&#8220;100%&#8220; max_width_phone=&#8220;&#8220; max_width_last_edited=&#8220;on|desktop&#8220; custom_margin=&#8220;0px|auto||auto||&#8220; custom_padding=&#8220;0px||0px||false|false&#8220; make_fullwidth=&#8220;on&#8220; locked=&#8220;off&#8220; global_colors_info=&#8220;{}&#8220;][et_pb_column type=&#8220;4_4&#8243; _builder_version=&#8220;4.16&#8243; custom_padding=&#8220;|||&#8220; global_colors_info=&#8220;{}&#8220; custom_padding__hover=&#8220;|||&#8220;][et_pb_gallery gallery_ids=&#8220;92,95,94,276,277,320&#8243; gallery_orderby=&#8220;rand&#8220; posts_number=&#8220;6&#8243; orientation=&#8220;portrait&#8220; show_title_and_caption=&#8220;off&#8220; show_pagination=&#8220;off&#8220; zoom_icon_color=&#8220;#E09900&#8243; hover_overlay_color=&#8220;rgba(0,0,0,0.41)&#8220; module_class=&#8220;wg-gallery&#8220; _builder_version=&#8220;4.16&#8243; _module_preset=&#8220;default&#8220; global_colors_info=&#8220;{}&#8220;][\/et_pb_gallery][\/et_pb_column][\/et_pb_row][\/et_pb_section][et_pb_section fb_built=&#8220;1&#8243; _builder_version=&#8220;4.16&#8243; background_color=&#8220;#f4f4f4&#8243; custom_padding=&#8220;59px||85px|||&#8220; bottom_divider_style=&#8220;curve&#8220; bottom_divider_color=&#8220;#FFFFFF&#8220; global_colors_info=&#8220;{}&#8220;][et_pb_row column_structure=&#8220;1_2,1_2&#8243; _builder_version=&#8220;4.16&#8243; global_colors_info=&#8220;{}&#8220;][et_pb_column type=&#8220;1_2&#8243; _builder_version=&#8220;4.16&#8243; custom_padding=&#8220;|||&#8220; global_colors_info=&#8220;{}&#8220; custom_padding__hover=&#8220;|||&#8220;][et_pb_text admin_label=&#8220;Top Destination Title&#8220; _builder_version=&#8220;4.16&#8243; text_font=&#8220;||||&#8220; text_text_color=&#8220;#1a1a1a&#8220; header_font=&#8220;Oswald|on||on|&#8220; header_text_align=&#8220;left&#8220; header_font_size=&#8220;4.2em&#8220; header_line_height=&#8220;1.3em&#8220; custom_margin=&#8220;|||&#8220; custom_padding=&#8220;|||&#8220; animation_style=&#8220;slide&#8220; animation_direction=&#8220;top&#8220; animation_intensity_slide=&#8220;10%&#8220; locked=&#8220;off&#8220; global_colors_info=&#8220;{}&#8220;]<h1>Mitgliedsbeitrag<\/h1>[\/et_pb_text][et_pb_image src=&#8220;https:\/\/wg-bali.de\/wp-content\/uploads\/2021\/08\/WG-BaLi-Mitgliederbanner-Muster.png&#8220; title_text=&#8220;Einkaufsgutschein WG Bali&#8220; _builder_version=&#8220;4.16&#8243; _module_preset=&#8220;default&#8220; animation_style=&#8220;slide&#8220; animation_direction=&#8220;top&#8220; animation_intensity_slide=&#8220;10%&#8220; global_colors_info=&#8220;{}&#8220;][\/et_pb_image][\/et_pb_column][et_pb_column type=&#8220;1_2&#8243; _builder_version=&#8220;4.16&#8243; custom_padding=&#8220;|||&#8220; global_colors_info=&#8220;{}&#8220; custom_padding__hover=&#8220;|||&#8220;][et_pb_text admin_label=&#8220;Top Destination Text&#8220; _builder_version=&#8220;4.16&#8243; text_font=&#8220;Roboto|300|||||||&#8220; text_font_size=&#8220;16px&#8220; text_line_height=&#8220;1.9em&#8220; custom_padding=&#8220;||60px|&#8220; animation_style=&#8220;slide&#8220; animation_direction=&#8220;top&#8220; animation_intensity_slide=&#8220;4%&#8220; locked=&#8220;off&#8220; global_colors_info=&#8220;{}&#8220;]<p>Der Mitgliedsbeitrag der Werbegemeinschaft Bad Lippspringe betr\u00e4gt 16 Euro pro Monat (zzgl. MwSt).<\/p>\n<p>Dieser Beitrag wird f\u00fcr die Dauer von 6 Monaten im Voraus erhoben.<\/p>\n<p>Nach der erfolgten Zahlung des Mitgliedsbeitrages erhalten Sie von uns einen Aufkleber f\u00fcr Ihr Ladenlokal oder Ihren Betrieb der Ihren Kunden und Gesch\u00e4ftspartnern signalisiert, dass Sie ein eingetragenes Mitglied der Werbegemeinschaft Bad Lippspringe e. V. sind. Ferner wird Ihre Firma dann in die Mitglieder\u00fcbersicht der Internetseite aufgenommen und einer Kategorie zugeordnet, wo Sie mit Ihren Kontaktdaten, \u00d6ffnungszeiten, Bildbanner usw. in einem offiziellem Verzeichnis unseres Vereines pr\u00e4sent sind.<\/p>\n<p>Wenn Sie \u00fcber eine eigene Homepage verf\u00fcgen, stellen wir Ihnen auch gerne einen Backlink Banner im PNG und\/oder JPG Format zur Verf\u00fcgung, den Sie auf Ihrer Internetseite einbinden k\u00f6nnen. In Ihren Printmedien k\u00f6nnen Sie ebenfalls die Option nutzen auf Ihre Mitgliedschaft hinzuweisen. Fragen Sie bitte nach unserem Mitgliederlogo, welches wir Ihnen in verschiedenen f\u00fcr den Druck optimierten Dateiformaten zur Verf\u00fcgung stellen k\u00f6nnen.<\/p>[\/et_pb_text][\/et_pb_column][\/et_pb_row][\/et_pb_section][et_pb_section fb_built=&#8220;1&#8243; _builder_version=&#8220;4.16&#8243; _module_preset=&#8220;default&#8220; custom_padding=&#8220;14px||33px|||&#8220; locked=&#8220;off&#8220; global_colors_info=&#8220;{}&#8220;][\/et_pb_section][et_pb_section fb_built=&#8220;1&#8243; admin_label=&#8220;CTA&#8220; _builder_version=&#8220;4.16&#8243; background_image=&#8220;https:\/\/wg-bali.de\/wp-content\/uploads\/2021\/07\/IMGP5165_kl.jpg&#8220; background_position=&#8220;top_center&#8220; custom_margin=&#8220;|||&#8220; custom_padding=&#8220;0px|||&#8220; top_divider_color=&#8220;#d8d8d8&#8243; locked=&#8220;off&#8220; global_colors_info=&#8220;{}&#8220;][et_pb_row use_custom_gutter=&#8220;on&#8220; gutter_width=&#8220;1&#8243; custom_padding_last_edited=&#8220;on|tablet&#8220; module_class=&#8220; et_pb_row_fullwidth&#8220; _builder_version=&#8220;4.16&#8243; use_background_color_gradient=&#8220;on&#8220; background_color_gradient_stops=&#8220;#ffffff 0%|rgba(255,255,255,0) 22%&#8220; background_color_gradient_start=&#8220;#ffffff&#8220; background_color_gradient_end=&#8220;rgba(255,255,255,0)&#8220; background_color_gradient_end_position=&#8220;22%&#8220; width=&#8220;100%&#8220; width_tablet=&#8220;100%&#8220; width_phone=&#8220;&#8220; width_last_edited=&#8220;on|desktop&#8220; max_width=&#8220;100%&#8220; max_width_tablet=&#8220;100%&#8220; max_width_phone=&#8220;&#8220; max_width_last_edited=&#8220;on|desktop&#8220; custom_padding=&#8220;83px|0px|787px|0px||&#8220; custom_padding_tablet=&#8220;0px|||&#8220; custom_padding_phone=&#8220;&#8220; make_fullwidth=&#8220;on&#8220; global_colors_info=&#8220;{}&#8220;][et_pb_column type=&#8220;4_4&#8243; _builder_version=&#8220;4.16&#8243; custom_padding=&#8220;|||&#8220; global_colors_info=&#8220;{}&#8220; custom_padding__hover=&#8220;|||&#8220;][et_pb_text admin_label=&#8220;CTA Section Title&#8220; _builder_version=&#8220;4.16&#8243; text_font=&#8220;||||&#8220; text_line_height=&#8220;1em&#8220; header_font=&#8220;Oswald|on||on|&#8220; header_text_align=&#8220;center&#8220; header_text_color=&#8220;#e0a321&#8243; header_font_size=&#8220;4.2em&#8220; header_line_height=&#8220;1.3em&#8220; module_alignment=&#8220;center&#8220; custom_margin=&#8220;||60px|&#8220; custom_padding=&#8220;|||&#8220; animation_style=&#8220;slide&#8220; animation_direction=&#8220;top&#8220; animation_intensity_slide=&#8220;10%&#8220; locked=&#8220;off&#8220; global_colors_info=&#8220;{}&#8220;]<h1>Mitglied werden!<\/h1>[\/et_pb_text][et_pb_button button_url=&#8220;\/index.php\/87-2\/beitrittserklaerung\/&#8220; button_text=&#8220;Beitreten&#8220; button_alignment=&#8220;center&#8220; _builder_version=&#8220;4.16&#8243; custom_button=&#8220;on&#8220; button_text_color=&#8220;#ffffff&#8220; button_bg_color=&#8220;#e0a321&#8243; button_border_color=&#8220;#e0a321&#8243; button_border_radius=&#8220;0px&#8220; button_letter_spacing=&#8220;4px&#8220; button_font=&#8220;Oswald|on||on|&#8220; button_icon=&#8220;&#x24;||divi||400&#8243; button_icon_color=&#8220;#1a1a1a&#8220; button_border_color_hover=&#8220;#1a1a1a&#8220; button_border_radius_hover=&#8220;0px&#8220; button_letter_spacing_hover=&#8220;4px&#8220; button_bg_color_hover=&#8220;rgba(0,0,0,0)&#8220; locked=&#8220;off&#8220; global_colors_info=&#8220;{}&#8220; button_text_size__hover_enabled=&#8220;off&#8220; button_one_text_size__hover_enabled=&#8220;off&#8220; button_two_text_size__hover_enabled=&#8220;off&#8220; button_text_color__hover_enabled=&#8220;off&#8220; button_one_text_color__hover_enabled=&#8220;off&#8220; button_two_text_color__hover_enabled=&#8220;off&#8220; button_border_width__hover_enabled=&#8220;off&#8220; button_one_border_width__hover_enabled=&#8220;off&#8220; button_two_border_width__hover_enabled=&#8220;off&#8220; button_border_color__hover_enabled=&#8220;on&#8220; button_border_color__hover=&#8220;#e0a321&#8243; button_one_border_color__hover_enabled=&#8220;off&#8220; button_two_border_color__hover_enabled=&#8220;off&#8220; button_border_radius__hover_enabled=&#8220;on&#8220; button_border_radius__hover=&#8220;0px&#8220; button_one_border_radius__hover_enabled=&#8220;off&#8220; button_two_border_radius__hover_enabled=&#8220;off&#8220; button_letter_spacing__hover_enabled=&#8220;on&#8220; button_letter_spacing__hover=&#8220;4px&#8220; button_one_letter_spacing__hover_enabled=&#8220;off&#8220; button_two_letter_spacing__hover_enabled=&#8220;off&#8220; button_bg_color__hover_enabled=&#8220;on|hover&#8220; button_bg_color__hover=&#8220;#e0a321&#8243; button_one_bg_color__hover_enabled=&#8220;off&#8220; button_two_bg_color__hover_enabled=&#8220;off&#8220; button_bg_enable_color__hover=&#8220;on&#8220;][\/et_pb_button][et_pb_image _builder_version=&#8220;4.16&#8243; _module_preset=&#8220;default&#8220; global_colors_info=&#8220;{}&#8220;][\/et_pb_image][\/et_pb_column][\/et_pb_row][\/et_pb_section]\n","protected":false},"excerpt":{"rendered":"<p>MitgliedsbeitragDer Mitgliedsbeitrag der Werbegemeinschaft Bad Lippspringe betr\u00e4gt 16 Euro pro Monat (zzgl. MwSt). Dieser Beitrag wird f\u00fcr die Dauer von 6 Monaten im Voraus erhoben. Nach der erfolgten Zahlung des Mitgliedsbeitrages erhalten Sie von uns einen Aufkleber f\u00fcr Ihr Ladenlokal oder Ihren Betrieb der Ihren Kunden und Gesch\u00e4ftspartnern signalisiert, dass Sie ein eingetragenes Mitglied der [&hellip;]<\/p>\n","protected":false},"author":1,"featured_media":0,"parent":87,"menu_order":3,"comment_status":"closed","ping_status":"closed","template":"","meta":{"_et_pb_use_builder":"on","_et_pb_old_content":"","_et_gb_content_width":"","footnotes":""},"class_list":["post-113","page","type-page","status-publish","hentry"],"_links":{"self":[{"href":"https:\/\/wg-bali.de\/index.php\/wp-json\/wp\/v2\/pages\/113","targetHints":{"allow":["GET"]}}],"collection":[{"href":"https:\/\/wg-bali.de\/index.php\/wp-json\/wp\/v2\/pages"}],"about":[{"href":"https:\/\/wg-bali.de\/index.php\/wp-json\/wp\/v2\/types\/page"}],"author":[{"embeddable":true,"href":"https:\/\/wg-bali.de\/index.php\/wp-json\/wp\/v2\/users\/1"}],"replies":[{"embeddable":true,"href":"https:\/\/wg-bali.de\/index.php\/wp-json\/wp\/v2\/comments?post=113"}],"version-history":[{"count":18,"href":"https:\/\/wg-bali.de\/index.php\/wp-json\/wp\/v2\/pages\/113\/revisions"}],"predecessor-version":[{"id":731,"href":"https:\/\/wg-bali.de\/index.php\/wp-json\/wp\/v2\/pages\/113\/revisions\/731"}],"up":[{"embeddable":true,"href":"https:\/\/wg-bali.de\/index.php\/wp-json\/wp\/v2\/pages\/87"}],"wp:attachment":[{"href":"https:\/\/wg-bali.de\/index.php\/wp-json\/wp\/v2\/media?parent=113"}],"curies":[{"name":"wp","href":"https:\/\/api.w.org\/{rel}","templated":true}]}}